{"id":67947,"date":"2024-03-22T16:07:37","date_gmt":"2024-03-22T15:07:37","guid":{"rendered":"https:\/\/abinox-chr-clim.com\/index.php\/product\/balance-electronique-a-plateau-vogue-15kg\/"},"modified":"2026-04-02T08:45:17","modified_gmt":"2026-04-02T06:45:17","slug":"balance-electronique-a-plateau-vogue-15kg","status":"publish","type":"product","link":"https:\/\/abinox-chr-clim.com\/index.php\/product\/balance-electronique-a-plateau-vogue-15kg\/","title":{"rendered":"Balance \u00e9lectronique \u00e0 plateau Vogue 15kg"},"content":{"rendered":"<p>Hygi\u00e9nique  et facile \u00e0 nettoyer gr\u00e2ce \u00e0 la face avant plane et au plateau amovible. Id\u00e9ale pour la pr\u00e9paration alimentaire. Alimentation secteur ou \u00e0 piles*. Ces balances ne sont pas homologu\u00e9es pour la vente au d\u00e9tail.<br \/>Plateau amovible de 235 x 178mm pour faciliter le nettoyage.Fa\u00e7ade r\u00e9sistante aux \u00e9claboussures et lavable pour maintenir une hygi\u00e8ne irr\u00e9prochable. Grand affichage num\u00e9rique facile \u00e0 lire en kg ou lb. R\u00e9f\u00e9rence soumise \u00e0 une Eco-participation mobilier de 0.18\u20ac par unit\u00e9 vendue. Le panneau de commande intuitif avec boutons tactiles acc\u00e9l\u00e8re les t\u00e2ches de pes\u00e9e. Livr\u00e9e avec adaptateur secteur. Fonctionne \u00e9galement avec 2 piles 1,5 V (non fournies) lorsque la connexion secteur n&rsquo;est pas possible. Ces balances ne sont pas homologu\u00e9es pour la vente au d\u00e9tail d&rsquo;une activit\u00e9 commerciale mais conviennent parfaitement pour une utilisation en cuisine.  Graduations de 5 g pour des lectures pr\u00e9cises. R\u00e9f\u00e9rence soumise \u00e0 une Eco-participation DEEE de 0,15\u20ac par unit\u00e9 vendue. Plateau amovible de 235 x 178mm pour faciliter le nettoyage. .<br \/> Caract\u00e9ristiques :<br \/> Capacit\u00e9 : 15kg.<br \/> Dimensions : 100(H) x 235(L) x 178(P) mm.<br \/> Mati\u00e8re : Inox.<br \/> Couleur : Blanc.<\/p>\n","protected":false},"excerpt":{"rendered":"<p>Balance \u00e9lectronique \u00e0 plateau Vogue 15kg<\/p>\n","protected":false},"featured_media":95543,"comment_status":"closed","ping_status":"closed","template":"","meta":[],"product_brand":[],"product_cat":[1064,1297,1101,1098],"product_tag":[],"class_list":{"0":"post-67947","1":"product","2":"type-product","3":"status-publish","4":"has-post-thumbnail","6":"product_cat-cuisine","7":"product_cat-non-palettisable","8":"product_cat-pichets-gradues-et-balances","9":"product_cat-ustensiles-cuisine","10":"product_shipping_class-free-shipping","12":"first","13":"outofstock","14":"featured","15":"taxable","16":"shipping-taxable","17":"purchasable","18":"product-type-simple"},"_links":{"self":[{"href":"https:\/\/abinox-chr-clim.com\/index.php\/wp-json\/wp\/v2\/product\/67947","targetHints":{"allow":["GET"]}}],"collection":[{"href":"https:\/\/abinox-chr-clim.com\/index.php\/wp-json\/wp\/v2\/product"}],"about":[{"href":"https:\/\/abinox-chr-clim.com\/index.php\/wp-json\/wp\/v2\/types\/product"}],"replies":[{"embeddable":true,"href":"https:\/\/abinox-chr-clim.com\/index.php\/wp-json\/wp\/v2\/comments?post=67947"}],"wp:featuredmedia":[{"embeddable":true,"href":"https:\/\/abinox-chr-clim.com\/index.php\/wp-json\/wp\/v2\/media\/95543"}],"wp:attachment":[{"href":"https:\/\/abinox-chr-clim.com\/index.php\/wp-json\/wp\/v2\/media?parent=67947"}],"wp:term":[{"taxonomy":"product_brand","embeddable":true,"href":"https:\/\/abinox-chr-clim.com\/index.php\/wp-json\/wp\/v2\/product_brand?post=67947"},{"taxonomy":"product_cat","embeddable":true,"href":"https:\/\/abinox-chr-clim.com\/index.php\/wp-json\/wp\/v2\/product_cat?post=67947"},{"taxonomy":"product_tag","embeddable":true,"href":"https:\/\/abinox-chr-clim.com\/index.php\/wp-json\/wp\/v2\/product_tag?post=67947"}],"curies":[{"name":"wp","href":"https:\/\/api.w.org\/{rel}","templated":true}]}}