{"id":67945,"date":"2024-03-22T16:07:36","date_gmt":"2024-03-22T15:07:36","guid":{"rendered":"https:\/\/abinox-chr-clim.com\/index.php\/product\/balance-de-cuisine-vogue-utilisation-intensive-20kg\/"},"modified":"2026-04-02T08:45:16","modified_gmt":"2026-04-02T06:45:16","slug":"balance-de-cuisine-vogue-utilisation-intensive-20kg","status":"publish","type":"product","link":"https:\/\/abinox-chr-clim.com\/index.php\/product\/balance-de-cuisine-vogue-utilisation-intensive-20kg\/","title":{"rendered":"Balance de cuisine Vogue utilisation intensive 20kg"},"content":{"rendered":"<p>Bol 25cm extra large.R\u00e9sistant. Le cadran comporte de grandes graduations, faciles \u00e0 lire. Mesures pr\u00e9cises en quelques secondes. Facile \u00e0 nettoyer.  Bol 25cm extra large. .<br \/> Caract\u00e9ristiques :<br \/> Capacit\u00e9 : 20kg.<br \/> Mati\u00e8re : Acier inoxydable<\/p>\n","protected":false},"excerpt":{"rendered":"<p>Balance de cuisine Vogue utilisation intensive 20kg<\/p>\n","protected":false},"featured_media":95557,"comment_status":"closed","ping_status":"closed","template":"","meta":[],"product_brand":[],"product_cat":[1064,1297,1101,1098],"product_tag":[],"class_list":{"0":"post-67945","1":"product","2":"type-product","3":"status-publish","4":"has-post-thumbnail","6":"product_cat-cuisine","7":"product_cat-non-palettisable","8":"product_cat-pichets-gradues-et-balances","9":"product_cat-ustensiles-cuisine","10":"product_shipping_class-free-shipping","12":"first","13":"outofstock","14":"featured","15":"taxable","16":"shipping-taxable","17":"purchasable","18":"product-type-simple"},"_links":{"self":[{"href":"https:\/\/abinox-chr-clim.com\/index.php\/wp-json\/wp\/v2\/product\/67945","targetHints":{"allow":["GET"]}}],"collection":[{"href":"https:\/\/abinox-chr-clim.com\/index.php\/wp-json\/wp\/v2\/product"}],"about":[{"href":"https:\/\/abinox-chr-clim.com\/index.php\/wp-json\/wp\/v2\/types\/product"}],"replies":[{"embeddable":true,"href":"https:\/\/abinox-chr-clim.com\/index.php\/wp-json\/wp\/v2\/comments?post=67945"}],"wp:featuredmedia":[{"embeddable":true,"href":"https:\/\/abinox-chr-clim.com\/index.php\/wp-json\/wp\/v2\/media\/95557"}],"wp:attachment":[{"href":"https:\/\/abinox-chr-clim.com\/index.php\/wp-json\/wp\/v2\/media?parent=67945"}],"wp:term":[{"taxonomy":"product_brand","embeddable":true,"href":"https:\/\/abinox-chr-clim.com\/index.php\/wp-json\/wp\/v2\/product_brand?post=67945"},{"taxonomy":"product_cat","embeddable":true,"href":"https:\/\/abinox-chr-clim.com\/index.php\/wp-json\/wp\/v2\/product_cat?post=67945"},{"taxonomy":"product_tag","embeddable":true,"href":"https:\/\/abinox-chr-clim.com\/index.php\/wp-json\/wp\/v2\/product_tag?post=67945"}],"curies":[{"name":"wp","href":"https:\/\/api.w.org\/{rel}","templated":true}]}}