{"id":67942,"date":"2024-03-22T16:07:35","date_gmt":"2024-03-22T15:07:35","guid":{"rendered":"https:\/\/abinox-chr-clim.com\/index.php\/product\/balance-de-cuisine-grande-capacite-vogue-5kg\/"},"modified":"2026-04-02T08:45:13","modified_gmt":"2026-04-02T06:45:13","slug":"balance-de-cuisine-grande-capacite-vogue-5kg","status":"publish","type":"product","link":"https:\/\/abinox-chr-clim.com\/index.php\/product\/balance-de-cuisine-grande-capacite-vogue-5kg\/","title":{"rendered":"Balance de cuisine grande capacit\u00e9 Vogue 5kg"},"content":{"rendered":"<p>R\u00e9cipient largeur 200mm. R\u00e9sistant. Le cadran comporte de grandes graduations, faciles \u00e0 lire. Mesures pr\u00e9cises en quelques secondes. Facile \u00e0 nettoyer.  R\u00e9cipient largeur 200mm.<\/p>\n<p>Caract\u00e9ristiques :<br \/> Capacit\u00e9 : 5kg.<br \/> Dimensions : 217(H) x 142(L) x 204(P)mm.<br \/> Mati\u00e8re : Acier inoxydable<\/p>\n","protected":false},"excerpt":{"rendered":"<p>Balance de cuisine grande capacit\u00e9 Vogue 5kg<\/p>\n","protected":false},"featured_media":95586,"comment_status":"closed","ping_status":"closed","template":"","meta":[],"product_brand":[],"product_cat":[1064,1297,1101,1098],"product_tag":[],"class_list":{"0":"post-67942","1":"product","2":"type-product","3":"status-publish","4":"has-post-thumbnail","6":"product_cat-cuisine","7":"product_cat-non-palettisable","8":"product_cat-pichets-gradues-et-balances","9":"product_cat-ustensiles-cuisine","10":"product_shipping_class-free-shipping","12":"first","13":"instock","14":"featured","15":"taxable","16":"shipping-taxable","17":"purchasable","18":"product-type-simple"},"_links":{"self":[{"href":"https:\/\/abinox-chr-clim.com\/index.php\/wp-json\/wp\/v2\/product\/67942","targetHints":{"allow":["GET"]}}],"collection":[{"href":"https:\/\/abinox-chr-clim.com\/index.php\/wp-json\/wp\/v2\/product"}],"about":[{"href":"https:\/\/abinox-chr-clim.com\/index.php\/wp-json\/wp\/v2\/types\/product"}],"replies":[{"embeddable":true,"href":"https:\/\/abinox-chr-clim.com\/index.php\/wp-json\/wp\/v2\/comments?post=67942"}],"wp:featuredmedia":[{"embeddable":true,"href":"https:\/\/abinox-chr-clim.com\/index.php\/wp-json\/wp\/v2\/media\/95586"}],"wp:attachment":[{"href":"https:\/\/abinox-chr-clim.com\/index.php\/wp-json\/wp\/v2\/media?parent=67942"}],"wp:term":[{"taxonomy":"product_brand","embeddable":true,"href":"https:\/\/abinox-chr-clim.com\/index.php\/wp-json\/wp\/v2\/product_brand?post=67942"},{"taxonomy":"product_cat","embeddable":true,"href":"https:\/\/abinox-chr-clim.com\/index.php\/wp-json\/wp\/v2\/product_cat?post=67942"},{"taxonomy":"product_tag","embeddable":true,"href":"https:\/\/abinox-chr-clim.com\/index.php\/wp-json\/wp\/v2\/product_tag?post=67942"}],"curies":[{"name":"wp","href":"https:\/\/api.w.org\/{rel}","templated":true}]}}