{"id":67936,"date":"2024-03-22T16:07:33","date_gmt":"2024-03-22T15:07:33","guid":{"rendered":"https:\/\/abinox-chr-clim.com\/index.php\/product\/portionneur-bonzer-unigrip-taille-60\/"},"modified":"2026-04-02T10:05:53","modified_gmt":"2026-04-02T08:05:53","slug":"portionneur-bonzer-unigrip-taille-60","status":"publish","type":"product","link":"https:\/\/abinox-chr-clim.com\/index.php\/product\/portionneur-bonzer-unigrip-taille-60\/","title":{"rendered":"Portionneur Bonzer Unigrip taille 60"},"content":{"rendered":"<p>Le contr\u00f4le des portions devient simple et confortable gr\u00e2ce \u00e0 cet ustensile hygi\u00e9nique en acier inoxydable.<br \/>Cuill\u00e8re en inox alimentaire. M\u00e9canisme de lib\u00e9ration rapide et facile des aliments. Con\u00e7u pour une op\u00e9ration par pression du pouce ou de la main permettant un portionnement lisse et contr\u00f4l\u00e9. Particuli\u00e8rement adapt\u00e9 \u00e0 la mayonnaise, au guacamole et aux garnitures de sandwich. Compatible lave-vaisselle. Certifi\u00e9 NSF. Code couleur.Cuill\u00e8re en inox alimentaire.<\/p>\n<p>Caract\u00e9ristiques :<br \/> Mati\u00e8re : Acier et plastique.<br \/> Couleur : Rose.<\/p>\n","protected":false},"excerpt":{"rendered":"<p>Portionneur Bonzer Unigrip taille 60<\/p>\n","protected":false},"featured_media":90349,"comment_status":"closed","ping_status":"closed","template":"","meta":[],"product_brand":[],"product_cat":[1064,1297,1101,1098],"product_tag":[],"class_list":{"0":"post-67936","1":"product","2":"type-product","3":"status-publish","4":"has-post-thumbnail","6":"product_cat-cuisine","7":"product_cat-non-palettisable","8":"product_cat-pichets-gradues-et-balances","9":"product_cat-ustensiles-cuisine","10":"product_shipping_class-free-shipping","12":"first","13":"outofstock","14":"featured","15":"taxable","16":"shipping-taxable","17":"purchasable","18":"product-type-simple"},"_links":{"self":[{"href":"https:\/\/abinox-chr-clim.com\/index.php\/wp-json\/wp\/v2\/product\/67936","targetHints":{"allow":["GET"]}}],"collection":[{"href":"https:\/\/abinox-chr-clim.com\/index.php\/wp-json\/wp\/v2\/product"}],"about":[{"href":"https:\/\/abinox-chr-clim.com\/index.php\/wp-json\/wp\/v2\/types\/product"}],"replies":[{"embeddable":true,"href":"https:\/\/abinox-chr-clim.com\/index.php\/wp-json\/wp\/v2\/comments?post=67936"}],"wp:featuredmedia":[{"embeddable":true,"href":"https:\/\/abinox-chr-clim.com\/index.php\/wp-json\/wp\/v2\/media\/90349"}],"wp:attachment":[{"href":"https:\/\/abinox-chr-clim.com\/index.php\/wp-json\/wp\/v2\/media?parent=67936"}],"wp:term":[{"taxonomy":"product_brand","embeddable":true,"href":"https:\/\/abinox-chr-clim.com\/index.php\/wp-json\/wp\/v2\/product_brand?post=67936"},{"taxonomy":"product_cat","embeddable":true,"href":"https:\/\/abinox-chr-clim.com\/index.php\/wp-json\/wp\/v2\/product_cat?post=67936"},{"taxonomy":"product_tag","embeddable":true,"href":"https:\/\/abinox-chr-clim.com\/index.php\/wp-json\/wp\/v2\/product_tag?post=67936"}],"curies":[{"name":"wp","href":"https:\/\/api.w.org\/{rel}","templated":true}]}}