{"id":67935,"date":"2024-03-22T16:07:33","date_gmt":"2024-03-22T15:07:33","guid":{"rendered":"https:\/\/abinox-chr-clim.com\/index.php\/product\/balance-compacte-vogue-add-n-weigh-5kg\/"},"modified":"2026-04-02T09:53:12","modified_gmt":"2026-04-02T07:53:12","slug":"balance-compacte-vogue-add-n-weigh-5kg","status":"publish","type":"product","link":"https:\/\/abinox-chr-clim.com\/index.php\/product\/balance-compacte-vogue-add-n-weigh-5kg\/","title":{"rendered":"Balance compacte Vogue Add n Weigh 5kg"},"content":{"rendered":"<p>Balance num\u00e9rique de haute pr\u00e9cision avec fonction d&rsquo;ajout pendant la pes\u00e9e et un r\u00e9cipient de 250 x 210mm. Arr\u00eat automatique. Comprend un thermom\u00e8tre et une fonction de minuterie\/alarme. Capacit\u00e9 5kg. Graduation 1g. N\u00e9cessite 2 piles AAA, vendues s\u00e9par\u00e9ment.<br \/>Grand bol capacit\u00e9 5kg facile \u00e0 nettoyer. Le bol en plastique transparent permet de surveiller facilement le niveau. Arr\u00eat automatique pour prolonger la dur\u00e9e de vie de la batterie. R\u00e9f\u00e9rence soumise \u00e0 une Eco-participation mobilier de 0.03\u20ac par unit\u00e9 vendue. Bol amovible &#8211; stockage compact et hygi\u00e9nique lorsqu&rsquo;il n&rsquo;est pas utilis\u00e9. L\u00e9g\u00e8re et portable &#8211; peut \u00eatre d\u00e9plac\u00e9e partout.N\u00e9cessite 1 pile 3V CR2032 (non incluse). Grand bol capacit\u00e9 5kg facile \u00e0 nettoyer.<\/p>\n<p>Caract\u00e9ristiques :<br \/> Capacit\u00e9 : Bol : 2L.<br \/> Dimensions : 102(H) x 200(L) x 270(P) mm.<br \/> Mati\u00e8re : Plastique.<br \/> Couleur : Blanc.<\/p>\n","protected":false},"excerpt":{"rendered":"<p>Balance compacte Vogue Add n Weigh 5kg<\/p>\n","protected":false},"featured_media":90491,"comment_status":"closed","ping_status":"closed","template":"","meta":[],"product_brand":[],"product_cat":[1064,1297,1101,1098],"product_tag":[],"class_list":{"0":"post-67935","1":"product","2":"type-product","3":"status-publish","4":"has-post-thumbnail","6":"product_cat-cuisine","7":"product_cat-non-palettisable","8":"product_cat-pichets-gradues-et-balances","9":"product_cat-ustensiles-cuisine","10":"product_shipping_class-free-shipping","12":"first","13":"instock","14":"featured","15":"taxable","16":"shipping-taxable","17":"purchasable","18":"product-type-simple"},"_links":{"self":[{"href":"https:\/\/abinox-chr-clim.com\/index.php\/wp-json\/wp\/v2\/product\/67935","targetHints":{"allow":["GET"]}}],"collection":[{"href":"https:\/\/abinox-chr-clim.com\/index.php\/wp-json\/wp\/v2\/product"}],"about":[{"href":"https:\/\/abinox-chr-clim.com\/index.php\/wp-json\/wp\/v2\/types\/product"}],"replies":[{"embeddable":true,"href":"https:\/\/abinox-chr-clim.com\/index.php\/wp-json\/wp\/v2\/comments?post=67935"}],"wp:featuredmedia":[{"embeddable":true,"href":"https:\/\/abinox-chr-clim.com\/index.php\/wp-json\/wp\/v2\/media\/90491"}],"wp:attachment":[{"href":"https:\/\/abinox-chr-clim.com\/index.php\/wp-json\/wp\/v2\/media?parent=67935"}],"wp:term":[{"taxonomy":"product_brand","embeddable":true,"href":"https:\/\/abinox-chr-clim.com\/index.php\/wp-json\/wp\/v2\/product_brand?post=67935"},{"taxonomy":"product_cat","embeddable":true,"href":"https:\/\/abinox-chr-clim.com\/index.php\/wp-json\/wp\/v2\/product_cat?post=67935"},{"taxonomy":"product_tag","embeddable":true,"href":"https:\/\/abinox-chr-clim.com\/index.php\/wp-json\/wp\/v2\/product_tag?post=67935"}],"curies":[{"name":"wp","href":"https:\/\/api.w.org\/{rel}","templated":true}]}}