{"id":67934,"date":"2024-03-22T16:07:32","date_gmt":"2024-03-22T15:07:32","guid":{"rendered":"https:\/\/abinox-chr-clim.com\/index.php\/product\/ensemble-de-pichets-gradues-en-polypropylene-pro-measures-250-ml-500-ml-et-1-l\/"},"modified":"2026-04-02T10:03:32","modified_gmt":"2026-04-02T08:03:32","slug":"ensemble-de-pichets-gradues-en-polypropylene-pro-measures-250-ml-500-ml-et-1-l","status":"publish","type":"product","link":"https:\/\/abinox-chr-clim.com\/index.php\/product\/ensemble-de-pichets-gradues-en-polypropylene-pro-measures-250-ml-500-ml-et-1-l\/","title":{"rendered":"Ensemble de pichets gradu\u00e9s en polypropyl\u00e8ne Pro-Measures 250 ml, 500 ml et 1 L"},"content":{"rendered":"<p>Polypropyl\u00e8ne de qualit\u00e9 alimentaire. Graduations appliqu\u00e9es \u00e0 chaud en relief. Poign\u00e9e ergonomiquement s\u00fbre. Pr\u00e9cis. Bec anti-gouttes.  Polypropyl\u00e8ne de qualit\u00e9 alimentaire.<\/p>\n<p>Caract\u00e9ristiques :<br \/> Mati\u00e8re : Polypropyl\u00e8ne<\/p>\n","protected":false},"excerpt":{"rendered":"<p>Ensemble de pichets gradu\u00e9s en polypropyl\u00e8ne Pro-Measures 250 ml, 500 ml et 1 L<\/p>\n","protected":false},"featured_media":83725,"comment_status":"closed","ping_status":"closed","template":"","meta":[],"product_brand":[],"product_cat":[1064,1297,1101,1098],"product_tag":[],"class_list":{"0":"post-67934","1":"product","2":"type-product","3":"status-publish","4":"has-post-thumbnail","6":"product_cat-cuisine","7":"product_cat-non-palettisable","8":"product_cat-pichets-gradues-et-balances","9":"product_cat-ustensiles-cuisine","10":"product_shipping_class-free-shipping","12":"first","13":"outofstock","14":"featured","15":"taxable","16":"shipping-taxable","17":"purchasable","18":"product-type-simple"},"_links":{"self":[{"href":"https:\/\/abinox-chr-clim.com\/index.php\/wp-json\/wp\/v2\/product\/67934","targetHints":{"allow":["GET"]}}],"collection":[{"href":"https:\/\/abinox-chr-clim.com\/index.php\/wp-json\/wp\/v2\/product"}],"about":[{"href":"https:\/\/abinox-chr-clim.com\/index.php\/wp-json\/wp\/v2\/types\/product"}],"replies":[{"embeddable":true,"href":"https:\/\/abinox-chr-clim.com\/index.php\/wp-json\/wp\/v2\/comments?post=67934"}],"wp:featuredmedia":[{"embeddable":true,"href":"https:\/\/abinox-chr-clim.com\/index.php\/wp-json\/wp\/v2\/media\/83725"}],"wp:attachment":[{"href":"https:\/\/abinox-chr-clim.com\/index.php\/wp-json\/wp\/v2\/media?parent=67934"}],"wp:term":[{"taxonomy":"product_brand","embeddable":true,"href":"https:\/\/abinox-chr-clim.com\/index.php\/wp-json\/wp\/v2\/product_brand?post=67934"},{"taxonomy":"product_cat","embeddable":true,"href":"https:\/\/abinox-chr-clim.com\/index.php\/wp-json\/wp\/v2\/product_cat?post=67934"},{"taxonomy":"product_tag","embeddable":true,"href":"https:\/\/abinox-chr-clim.com\/index.php\/wp-json\/wp\/v2\/product_tag?post=67934"}],"curies":[{"name":"wp","href":"https:\/\/api.w.org\/{rel}","templated":true}]}}