{"id":67933,"date":"2024-03-22T16:07:32","date_gmt":"2024-03-22T15:07:32","guid":{"rendered":"https:\/\/abinox-chr-clim.com\/index.php\/product\/balance-electronique-de-table-brecknell-6-kg\/"},"modified":"2026-04-02T10:10:12","modified_gmt":"2026-04-02T08:10:12","slug":"balance-electronique-de-table-brecknell-6-kg","status":"publish","type":"product","link":"https:\/\/abinox-chr-clim.com\/index.php\/product\/balance-electronique-de-table-brecknell-6-kg\/","title":{"rendered":"Balance \u00e9lectronique de table Brecknell 6 kg"},"content":{"rendered":"<p>Portables avec une batterie interne rechargeable b\u00e9n\u00e9ficiant d&rsquo;environ 160 heures d&rsquo;autonomie entre deux charges. Peuvent \u00eatre aliment\u00e9es directement par secteur (adaptateur fourni). Dimension de la plate-forme 245(L) x 215(P) mm. Ces balances ne sont pas homologu\u00e9es pour la vente au d\u00e9tail d&rsquo;une activit\u00e9 commerciale mais conviennent parfaitement pour une utilisation en cuisine.<br \/>. \u00c9cran LCD facile \u00e0 lire. Livr\u00e9 en standard avec un adaptateur secteur \u00e0 d\u00e9coupage avec extr\u00e9mit\u00e9s de fiche interchangeables pour couvrir les exigences de prise du Royaume-Uni, de l&rsquo;UE et des \u00c9tats-Unis, ou il peut \u00eatre aliment\u00e9 par quatre piles AA.Mesures via Tare\/Unit\u00e9s &#8211; r\u00e9initialisez facilement le poids \u00e0 z\u00e9ro pendant l&rsquo;utilisation. Plateau de poids en acier inoxydable avec bo\u00eetier en plastique ABS. Temp\u00e9rature de fonctionnement : 5\u00b0C &#8211; 35\u00b0C.  .<\/p>\n<p>Caract\u00e9ristiques :<br \/> Capacit\u00e9 : 6kg.<br \/> Dimensions : 110(H) x 225(L) x 305(P) mm.<br \/> Mati\u00e8re : Inox.<br \/> Couleur : Beige.<\/p>\n","protected":false},"excerpt":{"rendered":"<p>Balance \u00e9lectronique de table Brecknell 6 kg<\/p>\n","protected":false},"featured_media":83718,"comment_status":"closed","ping_status":"closed","template":"","meta":[],"product_brand":[],"product_cat":[1064,1297,1101,1098],"product_tag":[],"class_list":{"0":"post-67933","1":"product","2":"type-product","3":"status-publish","4":"has-post-thumbnail","6":"product_cat-cuisine","7":"product_cat-non-palettisable","8":"product_cat-pichets-gradues-et-balances","9":"product_cat-ustensiles-cuisine","10":"product_shipping_class-free-shipping","12":"first","13":"instock","14":"featured","15":"taxable","16":"shipping-taxable","17":"purchasable","18":"product-type-simple"},"_links":{"self":[{"href":"https:\/\/abinox-chr-clim.com\/index.php\/wp-json\/wp\/v2\/product\/67933","targetHints":{"allow":["GET"]}}],"collection":[{"href":"https:\/\/abinox-chr-clim.com\/index.php\/wp-json\/wp\/v2\/product"}],"about":[{"href":"https:\/\/abinox-chr-clim.com\/index.php\/wp-json\/wp\/v2\/types\/product"}],"replies":[{"embeddable":true,"href":"https:\/\/abinox-chr-clim.com\/index.php\/wp-json\/wp\/v2\/comments?post=67933"}],"wp:featuredmedia":[{"embeddable":true,"href":"https:\/\/abinox-chr-clim.com\/index.php\/wp-json\/wp\/v2\/media\/83718"}],"wp:attachment":[{"href":"https:\/\/abinox-chr-clim.com\/index.php\/wp-json\/wp\/v2\/media?parent=67933"}],"wp:term":[{"taxonomy":"product_brand","embeddable":true,"href":"https:\/\/abinox-chr-clim.com\/index.php\/wp-json\/wp\/v2\/product_brand?post=67933"},{"taxonomy":"product_cat","embeddable":true,"href":"https:\/\/abinox-chr-clim.com\/index.php\/wp-json\/wp\/v2\/product_cat?post=67933"},{"taxonomy":"product_tag","embeddable":true,"href":"https:\/\/abinox-chr-clim.com\/index.php\/wp-json\/wp\/v2\/product_tag?post=67933"}],"curies":[{"name":"wp","href":"https:\/\/api.w.org\/{rel}","templated":true}]}}