{"id":67932,"date":"2024-03-22T16:07:32","date_gmt":"2024-03-22T15:07:32","guid":{"rendered":"https:\/\/abinox-chr-clim.com\/index.php\/product\/balance-electronique-vogue-30kg\/"},"modified":"2026-04-02T08:32:50","modified_gmt":"2026-04-02T06:32:50","slug":"balance-electronique-vogue-30kg","status":"publish","type":"product","link":"https:\/\/abinox-chr-clim.com\/index.php\/product\/balance-electronique-vogue-30kg\/","title":{"rendered":"Balance \u00e9lectronique Vogue 30kg"},"content":{"rendered":"<p>Balance \u00e9lectronique tr\u00e8s r\u00e9sistante avec \u00e9cran ACL s\u00e9par\u00e9 pouvant \u00eatre fix\u00e9 au mur. Plateau hygi\u00e9nique en acier inoxydable amovible pour un nettoyage ais\u00e9. Etalonnage, remise \u00e0 z\u00e9ro et arr\u00eat automatiques. Voyant d&rsquo;indication de batterie faible.<br \/>Batterie ou secteur : c\u00e2ble 1.4m, adaptateur 9V fourni. N\u00e9cessite 6 x piles AA (vendues s\u00e9par\u00e9ment) pour un fonctionnement sur batterie.Plateforme amovible hygi\u00e9nique en acier inoxydable pour un nettoyage facile.Etalonnage, remise \u00e0 z\u00e9ro et arr\u00eat automatiques.R\u00e9f\u00e9rence soumise \u00e0 une Eco-participation mobilier de 0.26\u20ac par unit\u00e9 vendue. Graduation 10g.Ecran LCD \u00e0 t\u00e9l\u00e9commande. Fonctionnement simple \u00e0 4 boutons. J. C\u00e2ble 1,4m. Indicateur de batterie faible. R\u00e9f\u00e9rence soumise \u00e0 une Eco-participation DEEE de 0,17\u20ac par unit\u00e9 vendue. Batterie ou secteur : c\u00e2ble 1.4m, adaptateur 9V fourni. N\u00e9cessite 6 x piles AA (vendues s\u00e9par\u00e9ment) pour un fonctionnement sur batterie. .<br \/> Caract\u00e9ristiques :<br \/> Capacit\u00e9 : 30kg.<br \/> Dimensions : 40(H) x 310(L) x 300(P)mm.<br \/> Mati\u00e8re : Acier inoxydable.<br \/> Couleur : Argent.<\/p>\n","protected":false},"excerpt":{"rendered":"<p>Balance \u00e9lectronique Vogue 30kg<\/p>\n","protected":false},"featured_media":82011,"comment_status":"closed","ping_status":"closed","template":"","meta":[],"product_brand":[],"product_cat":[1064,1297,1101,1098],"product_tag":[],"class_list":{"0":"post-67932","1":"product","2":"type-product","3":"status-publish","4":"has-post-thumbnail","6":"product_cat-cuisine","7":"product_cat-non-palettisable","8":"product_cat-pichets-gradues-et-balances","9":"product_cat-ustensiles-cuisine","10":"product_shipping_class-free-shipping","12":"first","13":"instock","14":"featured","15":"taxable","16":"shipping-taxable","17":"purchasable","18":"product-type-simple"},"_links":{"self":[{"href":"https:\/\/abinox-chr-clim.com\/index.php\/wp-json\/wp\/v2\/product\/67932","targetHints":{"allow":["GET"]}}],"collection":[{"href":"https:\/\/abinox-chr-clim.com\/index.php\/wp-json\/wp\/v2\/product"}],"about":[{"href":"https:\/\/abinox-chr-clim.com\/index.php\/wp-json\/wp\/v2\/types\/product"}],"replies":[{"embeddable":true,"href":"https:\/\/abinox-chr-clim.com\/index.php\/wp-json\/wp\/v2\/comments?post=67932"}],"wp:featuredmedia":[{"embeddable":true,"href":"https:\/\/abinox-chr-clim.com\/index.php\/wp-json\/wp\/v2\/media\/82011"}],"wp:attachment":[{"href":"https:\/\/abinox-chr-clim.com\/index.php\/wp-json\/wp\/v2\/media?parent=67932"}],"wp:term":[{"taxonomy":"product_brand","embeddable":true,"href":"https:\/\/abinox-chr-clim.com\/index.php\/wp-json\/wp\/v2\/product_brand?post=67932"},{"taxonomy":"product_cat","embeddable":true,"href":"https:\/\/abinox-chr-clim.com\/index.php\/wp-json\/wp\/v2\/product_cat?post=67932"},{"taxonomy":"product_tag","embeddable":true,"href":"https:\/\/abinox-chr-clim.com\/index.php\/wp-json\/wp\/v2\/product_tag?post=67932"}],"curies":[{"name":"wp","href":"https:\/\/api.w.org\/{rel}","templated":true}]}}