{"id":67931,"date":"2024-03-22T16:07:31","date_gmt":"2024-03-22T15:07:31","guid":{"rendered":"https:\/\/abinox-chr-clim.com\/index.php\/product\/pichet-mesureur-gradue-aps-acier-inoxydable-1l\/"},"modified":"2026-04-02T08:31:27","modified_gmt":"2026-04-02T06:31:27","slug":"pichet-mesureur-gradue-aps-acier-inoxydable-1l","status":"publish","type":"product","link":"https:\/\/abinox-chr-clim.com\/index.php\/product\/pichet-mesureur-gradue-aps-acier-inoxydable-1l\/","title":{"rendered":"Pichet mesureur gradu\u00e9 APS acier inoxydable 1L"},"content":{"rendered":"<p>Pichet en acier inoxydable pour m\u00e9langer et mesurer.<br \/>Mesures faciles \u00e0 lire. R\u00e9sistant. Mesures faciles \u00e0 lire.<\/p>\n<p>Caract\u00e9ristiques :<br \/> Capacit\u00e9 : 1 L.<br \/> Dimensions : 140(H) x 105(\u00d8) mm.<br \/> Mati\u00e8re : Acier inoxydable.<br \/> Couleur : Argent.<\/p>\n","protected":false},"excerpt":{"rendered":"<p>Pichet mesureur gradu\u00e9 APS acier inoxydable 1L<\/p>\n","protected":false},"featured_media":81026,"comment_status":"closed","ping_status":"closed","template":"","meta":[],"product_brand":[],"product_cat":[1064,1297,1101,1098],"product_tag":[],"class_list":{"0":"post-67931","1":"product","2":"type-product","3":"status-publish","4":"has-post-thumbnail","6":"product_cat-cuisine","7":"product_cat-non-palettisable","8":"product_cat-pichets-gradues-et-balances","9":"product_cat-ustensiles-cuisine","10":"product_shipping_class-free-shipping","12":"first","13":"outofstock","14":"featured","15":"taxable","16":"shipping-taxable","17":"purchasable","18":"product-type-simple"},"_links":{"self":[{"href":"https:\/\/abinox-chr-clim.com\/index.php\/wp-json\/wp\/v2\/product\/67931","targetHints":{"allow":["GET"]}}],"collection":[{"href":"https:\/\/abinox-chr-clim.com\/index.php\/wp-json\/wp\/v2\/product"}],"about":[{"href":"https:\/\/abinox-chr-clim.com\/index.php\/wp-json\/wp\/v2\/types\/product"}],"replies":[{"embeddable":true,"href":"https:\/\/abinox-chr-clim.com\/index.php\/wp-json\/wp\/v2\/comments?post=67931"}],"wp:featuredmedia":[{"embeddable":true,"href":"https:\/\/abinox-chr-clim.com\/index.php\/wp-json\/wp\/v2\/media\/81026"}],"wp:attachment":[{"href":"https:\/\/abinox-chr-clim.com\/index.php\/wp-json\/wp\/v2\/media?parent=67931"}],"wp:term":[{"taxonomy":"product_brand","embeddable":true,"href":"https:\/\/abinox-chr-clim.com\/index.php\/wp-json\/wp\/v2\/product_brand?post=67931"},{"taxonomy":"product_cat","embeddable":true,"href":"https:\/\/abinox-chr-clim.com\/index.php\/wp-json\/wp\/v2\/product_cat?post=67931"},{"taxonomy":"product_tag","embeddable":true,"href":"https:\/\/abinox-chr-clim.com\/index.php\/wp-json\/wp\/v2\/product_tag?post=67931"}],"curies":[{"name":"wp","href":"https:\/\/api.w.org\/{rel}","templated":true}]}}