{"id":67929,"date":"2024-03-22T16:07:30","date_gmt":"2024-03-22T15:07:30","guid":{"rendered":"https:\/\/abinox-chr-clim.com\/index.php\/product\/pistolet-a-fumer-polyscience\/"},"modified":"2026-04-02T09:23:56","modified_gmt":"2026-04-02T07:23:56","slug":"pistolet-a-fumer-polyscience","status":"publish","type":"product","link":"https:\/\/abinox-chr-clim.com\/index.php\/product\/pistolet-a-fumer-polyscience\/","title":{"rendered":"Pistolet \u00e0 fumer PolyScience"},"content":{"rendered":"<p>Id\u00e9al pour apporter une subtile saveur bois\u00e9e \u00e0 vos plats sans flamme ni chaleur. L&rsquo;ensemble comprend : un pied en acrylique, un tuyau \u00e0 fixer sur l&#8217;embout du pistolet, 4 piles AA et 2 \u00e9chantillons (14g) de copeaux de bois (bois de Hickory, voisin du noyer, et bois de pommier).Ajoutez un subtil ar\u00f4me bois\u00e9 \u00e0 vos aliments et boissons. Construction durable. Chambre de combustion amovible pour le nettoyage. Ventilateur \u00e0 2 vitesses. Fiches de recettes incluses.Id\u00e9al pour apporter une subtile saveur bois\u00e9e \u00e0 vos plats sans flamme ni chaleur.<\/p>\n<p>Caract\u00e9ristiques :<br \/> Dimensions : 150(H) x 170(L) x 50(P) mm.<br \/> Mati\u00e8re : Acrylique<\/p>\n","protected":false},"excerpt":{"rendered":"<p>Pistolet \u00e0 fumer PolyScience<\/p>\n","protected":false},"featured_media":103026,"comment_status":"closed","ping_status":"closed","template":"","meta":[],"product_brand":[],"product_cat":[1064,1100,1297,1098],"product_tag":[],"class_list":{"0":"post-67929","1":"product","2":"type-product","3":"status-publish","4":"has-post-thumbnail","6":"product_cat-cuisine","7":"product_cat-divers-ustensiles-cuisine","8":"product_cat-non-palettisable","9":"product_cat-ustensiles-cuisine","10":"product_shipping_class-free-shipping","12":"first","13":"outofstock","14":"featured","15":"taxable","16":"shipping-taxable","17":"purchasable","18":"product-type-simple"},"_links":{"self":[{"href":"https:\/\/abinox-chr-clim.com\/index.php\/wp-json\/wp\/v2\/product\/67929","targetHints":{"allow":["GET"]}}],"collection":[{"href":"https:\/\/abinox-chr-clim.com\/index.php\/wp-json\/wp\/v2\/product"}],"about":[{"href":"https:\/\/abinox-chr-clim.com\/index.php\/wp-json\/wp\/v2\/types\/product"}],"replies":[{"embeddable":true,"href":"https:\/\/abinox-chr-clim.com\/index.php\/wp-json\/wp\/v2\/comments?post=67929"}],"wp:featuredmedia":[{"embeddable":true,"href":"https:\/\/abinox-chr-clim.com\/index.php\/wp-json\/wp\/v2\/media\/103026"}],"wp:attachment":[{"href":"https:\/\/abinox-chr-clim.com\/index.php\/wp-json\/wp\/v2\/media?parent=67929"}],"wp:term":[{"taxonomy":"product_brand","embeddable":true,"href":"https:\/\/abinox-chr-clim.com\/index.php\/wp-json\/wp\/v2\/product_brand?post=67929"},{"taxonomy":"product_cat","embeddable":true,"href":"https:\/\/abinox-chr-clim.com\/index.php\/wp-json\/wp\/v2\/product_cat?post=67929"},{"taxonomy":"product_tag","embeddable":true,"href":"https:\/\/abinox-chr-clim.com\/index.php\/wp-json\/wp\/v2\/product_tag?post=67929"}],"curies":[{"name":"wp","href":"https:\/\/api.w.org\/{rel}","templated":true}]}}