{"id":67925,"date":"2024-03-22T16:07:28","date_gmt":"2024-03-22T15:07:28","guid":{"rendered":"https:\/\/abinox-chr-clim.com\/index.php\/product\/pince-barbecue-tramontina-churrasco-370mm\/"},"modified":"2026-04-02T09:34:27","modified_gmt":"2026-04-02T07:34:27","slug":"pince-barbecue-tramontina-churrasco-370mm","status":"publish","type":"product","link":"https:\/\/abinox-chr-clim.com\/index.php\/product\/pince-barbecue-tramontina-churrasco-370mm\/","title":{"rendered":"Pince barbecue Tramontina Churrasco 370mm"},"content":{"rendered":"<p>En bois br\u00e9silien et cerisier issus de for\u00eats au reboisement durable. Lavage \u00e0 la main \u00e0 65\u00b0C avec un d\u00e9tergent neutre pour une dur\u00e9e de vie plus longue. Incompatible lave-vaisselle. Le manche long permet une manipulation plus s\u00fbre lorsque les aliments sont \u00e0 haute temp\u00e9rature. Poign\u00e9e ergonomique qui signifie plus de s\u00e9curit\u00e9 pour manipuler des morceaux de viande plus \u00e9pais. La poign\u00e9e en bois r\u00e9siste \u00e0 la chaleur. Fabriqu\u00e9e au Br\u00e9sil.En bois br\u00e9silien et cerisier issus de for\u00eats au reboisement durable.<\/p>\n<p>Caract\u00e9ristiques :<br \/> Dimensions : 370(L) mm.<br \/> Mati\u00e8re : Bois br\u00e9silien et acier inoxydable.<br \/> Couleur : Argent.<\/p>\n","protected":false},"excerpt":{"rendered":"<p>Pince barbecue Tramontina Churrasco 370mm<\/p>\n","protected":false},"featured_media":90662,"comment_status":"closed","ping_status":"closed","template":"","meta":[],"product_brand":[],"product_cat":[1064,1100,1297,1098],"product_tag":[],"class_list":{"0":"post-67925","1":"product","2":"type-product","3":"status-publish","4":"has-post-thumbnail","6":"product_cat-cuisine","7":"product_cat-divers-ustensiles-cuisine","8":"product_cat-non-palettisable","9":"product_cat-ustensiles-cuisine","10":"product_shipping_class-free-shipping","12":"first","13":"instock","14":"featured","15":"taxable","16":"shipping-taxable","17":"purchasable","18":"product-type-simple"},"_links":{"self":[{"href":"https:\/\/abinox-chr-clim.com\/index.php\/wp-json\/wp\/v2\/product\/67925","targetHints":{"allow":["GET"]}}],"collection":[{"href":"https:\/\/abinox-chr-clim.com\/index.php\/wp-json\/wp\/v2\/product"}],"about":[{"href":"https:\/\/abinox-chr-clim.com\/index.php\/wp-json\/wp\/v2\/types\/product"}],"replies":[{"embeddable":true,"href":"https:\/\/abinox-chr-clim.com\/index.php\/wp-json\/wp\/v2\/comments?post=67925"}],"wp:featuredmedia":[{"embeddable":true,"href":"https:\/\/abinox-chr-clim.com\/index.php\/wp-json\/wp\/v2\/media\/90662"}],"wp:attachment":[{"href":"https:\/\/abinox-chr-clim.com\/index.php\/wp-json\/wp\/v2\/media?parent=67925"}],"wp:term":[{"taxonomy":"product_brand","embeddable":true,"href":"https:\/\/abinox-chr-clim.com\/index.php\/wp-json\/wp\/v2\/product_brand?post=67925"},{"taxonomy":"product_cat","embeddable":true,"href":"https:\/\/abinox-chr-clim.com\/index.php\/wp-json\/wp\/v2\/product_cat?post=67925"},{"taxonomy":"product_tag","embeddable":true,"href":"https:\/\/abinox-chr-clim.com\/index.php\/wp-json\/wp\/v2\/product_tag?post=67925"}],"curies":[{"name":"wp","href":"https:\/\/api.w.org\/{rel}","templated":true}]}}