{"id":67924,"date":"2024-03-22T16:07:27","date_gmt":"2024-03-22T15:07:27","guid":{"rendered":"https:\/\/abinox-chr-clim.com\/index.php\/product\/copeaux-de-bois-pour-pistolet-a-fumer-sousvidetools-250ml-noyer\/"},"modified":"2025-08-26T13:58:37","modified_gmt":"2025-08-26T11:58:37","slug":"copeaux-de-bois-pour-pistolet-a-fumer-sousvidetools-250ml-noyer","status":"publish","type":"product","link":"https:\/\/abinox-chr-clim.com\/index.php\/product\/copeaux-de-bois-pour-pistolet-a-fumer-sousvidetools-250ml-noyer\/","title":{"rendered":"Copeaux de bois pour pistolet \u00e0 fumer SousVideTools 250ml noyer"},"content":{"rendered":"<p>Fumez et parfumez rapidement et facilement vos aliments gr\u00e2ce au pistolet \u00e0 fumer et des sciures aux saveurs am\u00e9ricaines. Fantastique pour apporter des ar\u00f4mes suppl\u00e9mentaires \u00e0 vos aliments, mais aussi \u00e0 vos cocktails et boissons. Fourni avec un pied en acrylique, un tuyau \u00e0 fixer sur l&#8217;embout du pistolet, 4 piles AA et 2 \u00e9chantillons (14g) de copeaux de bois (bois de Hickory, voisin du noyer, et bois de pommier).<br \/>Convient pour une utilisation avec le pistolet \u00e0 fumer PolyScience&#7488;&#7481;. Convient pour une utilisation sur un barbecue. Sans produits chimiques. 1 bo\u00eete de 250 ml. Ne pas consommer.  Convient pour une utilisation avec le pistolet \u00e0 fumer PolyScience&#7488;&#7481;.<\/p>\n<p>Caract\u00e9ristiques :<br \/> Mati\u00e8re : Copeaux de bois.<br \/> Couleur : Bois.<\/p>\n","protected":false},"excerpt":{"rendered":"<p>Copeaux de bois pour pistolet \u00e0 fumer SousVideTools 250ml noyer<\/p>\n","protected":false},"featured_media":83833,"comment_status":"closed","ping_status":"closed","template":"","meta":[],"product_brand":[],"product_cat":[1064,1100,1297,1098],"product_tag":[],"class_list":{"0":"post-67924","1":"product","2":"type-product","3":"status-publish","4":"has-post-thumbnail","6":"product_cat-cuisine","7":"product_cat-divers-ustensiles-cuisine","8":"product_cat-non-palettisable","9":"product_cat-ustensiles-cuisine","10":"product_shipping_class-free-shipping","12":"first","13":"outofstock","14":"featured","15":"taxable","16":"shipping-taxable","17":"purchasable","18":"product-type-simple"},"_links":{"self":[{"href":"https:\/\/abinox-chr-clim.com\/index.php\/wp-json\/wp\/v2\/product\/67924","targetHints":{"allow":["GET"]}}],"collection":[{"href":"https:\/\/abinox-chr-clim.com\/index.php\/wp-json\/wp\/v2\/product"}],"about":[{"href":"https:\/\/abinox-chr-clim.com\/index.php\/wp-json\/wp\/v2\/types\/product"}],"replies":[{"embeddable":true,"href":"https:\/\/abinox-chr-clim.com\/index.php\/wp-json\/wp\/v2\/comments?post=67924"}],"wp:featuredmedia":[{"embeddable":true,"href":"https:\/\/abinox-chr-clim.com\/index.php\/wp-json\/wp\/v2\/media\/83833"}],"wp:attachment":[{"href":"https:\/\/abinox-chr-clim.com\/index.php\/wp-json\/wp\/v2\/media?parent=67924"}],"wp:term":[{"taxonomy":"product_brand","embeddable":true,"href":"https:\/\/abinox-chr-clim.com\/index.php\/wp-json\/wp\/v2\/product_brand?post=67924"},{"taxonomy":"product_cat","embeddable":true,"href":"https:\/\/abinox-chr-clim.com\/index.php\/wp-json\/wp\/v2\/product_cat?post=67924"},{"taxonomy":"product_tag","embeddable":true,"href":"https:\/\/abinox-chr-clim.com\/index.php\/wp-json\/wp\/v2\/product_tag?post=67924"}],"curies":[{"name":"wp","href":"https:\/\/api.w.org\/{rel}","templated":true}]}}