{"id":67907,"date":"2024-03-22T16:07:22","date_gmt":"2024-03-22T15:07:22","guid":{"rendered":"https:\/\/abinox-chr-clim.com\/index.php\/product\/bassine-polypropylene-araven-7l\/"},"modified":"2026-04-02T08:54:55","modified_gmt":"2026-04-02T06:54:55","slug":"bassine-polypropylene-araven-7l","status":"publish","type":"product","link":"https:\/\/abinox-chr-clim.com\/index.php\/product\/bassine-polypropylene-araven-7l\/","title":{"rendered":"Bassine polypropyl\u00e8ne Araven 7L"},"content":{"rendered":"<p>Compatibles micro-ondes, cong\u00e9lateur et lave-vaisselle. R\u00e9sistent \u00e0 l&rsquo;eau bouillante.<br \/>R\u00e9siste au micro-ondes, au cong\u00e9lateur et au lave-vaisselle pour une utilisation polyvalente.Passe au lave-vaisselle pour un nettoyage rapide. Le polypropyl\u00e8ne est durable. Diff\u00e9rentes tailles peuvent \u00eatre empil\u00e9es les unes sur les autres. Peut r\u00e9sister \u00e0 l&rsquo;eau bouillante sans fondre.R\u00e9siste au micro-ondes, au cong\u00e9lateur et au lave-vaisselle pour une utilisation polyvalente.<\/p>\n<p>Caract\u00e9ristiques :<br \/> Capacit\u00e9 : 7 L.<br \/> Dimensions : 160(H) x 325(\u00d8) mm.<br \/> Mati\u00e8re : Polypropyl\u00e8ne.<br \/> Couleur : Blanc.<\/p>\n","protected":false},"excerpt":{"rendered":"<p>Bassine polypropyl\u00e8ne Araven 7L<\/p>\n","protected":false},"featured_media":104275,"comment_status":"closed","ping_status":"closed","template":"","meta":[],"product_brand":[],"product_cat":[1099,1064,1297,1098],"product_tag":[],"class_list":{"0":"post-67907","1":"product","2":"type-product","3":"status-publish","4":"has-post-thumbnail","6":"product_cat-bassines-et-saladiers","7":"product_cat-cuisine","8":"product_cat-non-palettisable","9":"product_cat-ustensiles-cuisine","10":"product_shipping_class-free-shipping","12":"first","13":"instock","14":"featured","15":"taxable","16":"shipping-taxable","17":"purchasable","18":"product-type-simple"},"_links":{"self":[{"href":"https:\/\/abinox-chr-clim.com\/index.php\/wp-json\/wp\/v2\/product\/67907","targetHints":{"allow":["GET"]}}],"collection":[{"href":"https:\/\/abinox-chr-clim.com\/index.php\/wp-json\/wp\/v2\/product"}],"about":[{"href":"https:\/\/abinox-chr-clim.com\/index.php\/wp-json\/wp\/v2\/types\/product"}],"replies":[{"embeddable":true,"href":"https:\/\/abinox-chr-clim.com\/index.php\/wp-json\/wp\/v2\/comments?post=67907"}],"wp:featuredmedia":[{"embeddable":true,"href":"https:\/\/abinox-chr-clim.com\/index.php\/wp-json\/wp\/v2\/media\/104275"}],"wp:attachment":[{"href":"https:\/\/abinox-chr-clim.com\/index.php\/wp-json\/wp\/v2\/media?parent=67907"}],"wp:term":[{"taxonomy":"product_brand","embeddable":true,"href":"https:\/\/abinox-chr-clim.com\/index.php\/wp-json\/wp\/v2\/product_brand?post=67907"},{"taxonomy":"product_cat","embeddable":true,"href":"https:\/\/abinox-chr-clim.com\/index.php\/wp-json\/wp\/v2\/product_cat?post=67907"},{"taxonomy":"product_tag","embeddable":true,"href":"https:\/\/abinox-chr-clim.com\/index.php\/wp-json\/wp\/v2\/product_tag?post=67907"}],"curies":[{"name":"wp","href":"https:\/\/api.w.org\/{rel}","templated":true}]}}