{"id":67903,"date":"2024-03-22T16:07:20","date_gmt":"2024-03-22T15:07:20","guid":{"rendered":"https:\/\/abinox-chr-clim.com\/index.php\/product\/bassine-polypropylene-araven-500ml\/"},"modified":"2026-04-02T08:54:52","modified_gmt":"2026-04-02T06:54:52","slug":"bassine-polypropylene-araven-500ml","status":"publish","type":"product","link":"https:\/\/abinox-chr-clim.com\/index.php\/product\/bassine-polypropylene-araven-500ml\/","title":{"rendered":"Bassine polypropyl\u00e8ne Araven 500ml"},"content":{"rendered":"<p>Compatibles micro-ondes, cong\u00e9lateur et lave-vaisselle. R\u00e9sistent \u00e0 l&rsquo;eau bouillante.<br \/>R\u00e9siste au four \u00e0 micro-ondes, au lave-vaisselle et au cong\u00e9lateur. R\u00e9sistant \u00e0 l&rsquo;eau bouillante. R\u00e9siste au four \u00e0 micro-ondes, au lave-vaisselle et au cong\u00e9lateur. .<br \/> Caract\u00e9ristiques :<br \/> Capacit\u00e9 : 50 cl.<br \/> Dimensions : 60(H) x 130(\u00d8) mm.<br \/> Mati\u00e8re : Polypropyl\u00e8ne.<br \/> Couleur : Blanc.<\/p>\n","protected":false},"excerpt":{"rendered":"<p>Bassine polypropyl\u00e8ne Araven 500ml<\/p>\n","protected":false},"featured_media":104271,"comment_status":"closed","ping_status":"closed","template":"","meta":[],"product_brand":[],"product_cat":[1099,1064,1297,1098],"product_tag":[],"class_list":{"0":"post-67903","1":"product","2":"type-product","3":"status-publish","4":"has-post-thumbnail","6":"product_cat-bassines-et-saladiers","7":"product_cat-cuisine","8":"product_cat-non-palettisable","9":"product_cat-ustensiles-cuisine","10":"product_shipping_class-free-shipping","12":"first","13":"instock","14":"featured","15":"taxable","16":"shipping-taxable","17":"purchasable","18":"product-type-simple"},"_links":{"self":[{"href":"https:\/\/abinox-chr-clim.com\/index.php\/wp-json\/wp\/v2\/product\/67903","targetHints":{"allow":["GET"]}}],"collection":[{"href":"https:\/\/abinox-chr-clim.com\/index.php\/wp-json\/wp\/v2\/product"}],"about":[{"href":"https:\/\/abinox-chr-clim.com\/index.php\/wp-json\/wp\/v2\/types\/product"}],"replies":[{"embeddable":true,"href":"https:\/\/abinox-chr-clim.com\/index.php\/wp-json\/wp\/v2\/comments?post=67903"}],"wp:featuredmedia":[{"embeddable":true,"href":"https:\/\/abinox-chr-clim.com\/index.php\/wp-json\/wp\/v2\/media\/104271"}],"wp:attachment":[{"href":"https:\/\/abinox-chr-clim.com\/index.php\/wp-json\/wp\/v2\/media?parent=67903"}],"wp:term":[{"taxonomy":"product_brand","embeddable":true,"href":"https:\/\/abinox-chr-clim.com\/index.php\/wp-json\/wp\/v2\/product_brand?post=67903"},{"taxonomy":"product_cat","embeddable":true,"href":"https:\/\/abinox-chr-clim.com\/index.php\/wp-json\/wp\/v2\/product_cat?post=67903"},{"taxonomy":"product_tag","embeddable":true,"href":"https:\/\/abinox-chr-clim.com\/index.php\/wp-json\/wp\/v2\/product_tag?post=67903"}],"curies":[{"name":"wp","href":"https:\/\/api.w.org\/{rel}","templated":true}]}}