{"id":67902,"date":"2024-03-22T16:07:20","date_gmt":"2024-03-22T15:07:20","guid":{"rendered":"https:\/\/abinox-chr-clim.com\/index.php\/product\/bassine-acier-inoxydable-fond-silicone-vogue-8l\/"},"modified":"2026-04-02T08:50:13","modified_gmt":"2026-04-02T06:50:13","slug":"bassine-acier-inoxydable-fond-silicone-vogue-8l","status":"publish","type":"product","link":"https:\/\/abinox-chr-clim.com\/index.php\/product\/bassine-acier-inoxydable-fond-silicone-vogue-8l\/","title":{"rendered":"Bassine acier inoxydable fond silicone Vogue 8L"},"content":{"rendered":"<p>Bassine en acier inoxydable avec fond silicone antid\u00e9rapant.<br \/>La base antid\u00e9rapante en silicone assure la stabilit\u00e9 pendant l&rsquo;utilisation. Conception semi-empilable &#8211; moins d&rsquo;espace pour stocker plusieurs bols. Plus facile \u00e0 maintenir en place pour un m\u00e9lange plus rapide et moins de d\u00e9versements. Construction en acier inoxydable solide et durable. Facile et rapide \u00e0 nettoyer, \u00e0 entretenir et \u00e0 maintenir hygi\u00e9nique.  La base antid\u00e9rapante en silicone assure la stabilit\u00e9 pendant l&rsquo;utilisation.<\/p>\n<p>Caract\u00e9ristiques :<br \/> Capacit\u00e9 : 8L.<br \/> Dimensions : 164(H) x 308(\u00d8) mm.<br \/> Mati\u00e8re : Inox.<br \/> Couleur : Argent.<\/p>\n","protected":false},"excerpt":{"rendered":"<p>Bassine acier inoxydable fond silicone Vogue 8L<\/p>\n","protected":false},"featured_media":101538,"comment_status":"closed","ping_status":"closed","template":"","meta":[],"product_brand":[],"product_cat":[1099,1064,1297,1098],"product_tag":[],"class_list":{"0":"post-67902","1":"product","2":"type-product","3":"status-publish","4":"has-post-thumbnail","6":"product_cat-bassines-et-saladiers","7":"product_cat-cuisine","8":"product_cat-non-palettisable","9":"product_cat-ustensiles-cuisine","10":"product_shipping_class-free-shipping","12":"first","13":"outofstock","14":"featured","15":"taxable","16":"shipping-taxable","17":"purchasable","18":"product-type-simple"},"_links":{"self":[{"href":"https:\/\/abinox-chr-clim.com\/index.php\/wp-json\/wp\/v2\/product\/67902","targetHints":{"allow":["GET"]}}],"collection":[{"href":"https:\/\/abinox-chr-clim.com\/index.php\/wp-json\/wp\/v2\/product"}],"about":[{"href":"https:\/\/abinox-chr-clim.com\/index.php\/wp-json\/wp\/v2\/types\/product"}],"replies":[{"embeddable":true,"href":"https:\/\/abinox-chr-clim.com\/index.php\/wp-json\/wp\/v2\/comments?post=67902"}],"wp:featuredmedia":[{"embeddable":true,"href":"https:\/\/abinox-chr-clim.com\/index.php\/wp-json\/wp\/v2\/media\/101538"}],"wp:attachment":[{"href":"https:\/\/abinox-chr-clim.com\/index.php\/wp-json\/wp\/v2\/media?parent=67902"}],"wp:term":[{"taxonomy":"product_brand","embeddable":true,"href":"https:\/\/abinox-chr-clim.com\/index.php\/wp-json\/wp\/v2\/product_brand?post=67902"},{"taxonomy":"product_cat","embeddable":true,"href":"https:\/\/abinox-chr-clim.com\/index.php\/wp-json\/wp\/v2\/product_cat?post=67902"},{"taxonomy":"product_tag","embeddable":true,"href":"https:\/\/abinox-chr-clim.com\/index.php\/wp-json\/wp\/v2\/product_tag?post=67902"}],"curies":[{"name":"wp","href":"https:\/\/api.w.org\/{rel}","templated":true}]}}