{"id":67900,"date":"2024-03-22T16:07:19","date_gmt":"2024-03-22T15:07:19","guid":{"rendered":"https:\/\/abinox-chr-clim.com\/index.php\/product\/bassine-acier-inoxydable-fond-silicone-vogue-3l\/"},"modified":"2026-04-02T08:50:11","modified_gmt":"2026-04-02T06:50:11","slug":"bassine-acier-inoxydable-fond-silicone-vogue-3l","status":"publish","type":"product","link":"https:\/\/abinox-chr-clim.com\/index.php\/product\/bassine-acier-inoxydable-fond-silicone-vogue-3l\/","title":{"rendered":"Bassine acier inoxydable fond silicone Vogue 3L"},"content":{"rendered":"<p>Bassine en acier inoxydable avec fond silicone antid\u00e9rapant.<br \/>La base en silicone antid\u00e9rapante assure la stabilit\u00e9 pendant l&rsquo;utilisation. Rapide et facile \u00e0 nettoyer, \u00e0 entretenir et \u00e0 garder hygi\u00e9nique. Conception semi-empilable &#8211; n\u00e9cessite moins d&rsquo;espace pour ranger plusieurs bols. Plus facile \u00e0 maintenir en place pour un m\u00e9lange plus rapide et moins de d\u00e9versements. Construction solide et durable en acier inoxydable.  La base en silicone antid\u00e9rapante assure la stabilit\u00e9 pendant l&rsquo;utilisation.<\/p>\n<p>Caract\u00e9ristiques :<br \/> Capacit\u00e9 : 3L.<br \/> Dimensions : 115(H) x 219(\u00d8) mm.<br \/> Mati\u00e8re : Inox.<br \/> Couleur : Argent.<\/p>\n","protected":false},"excerpt":{"rendered":"<p>Bassine acier inoxydable fond silicone Vogue 3L<\/p>\n","protected":false},"featured_media":101536,"comment_status":"closed","ping_status":"closed","template":"","meta":[],"product_brand":[],"product_cat":[1099,1064,1297,1098],"product_tag":[],"class_list":{"0":"post-67900","1":"product","2":"type-product","3":"status-publish","4":"has-post-thumbnail","6":"product_cat-bassines-et-saladiers","7":"product_cat-cuisine","8":"product_cat-non-palettisable","9":"product_cat-ustensiles-cuisine","10":"product_shipping_class-free-shipping","12":"first","13":"outofstock","14":"featured","15":"taxable","16":"shipping-taxable","17":"purchasable","18":"product-type-simple"},"_links":{"self":[{"href":"https:\/\/abinox-chr-clim.com\/index.php\/wp-json\/wp\/v2\/product\/67900","targetHints":{"allow":["GET"]}}],"collection":[{"href":"https:\/\/abinox-chr-clim.com\/index.php\/wp-json\/wp\/v2\/product"}],"about":[{"href":"https:\/\/abinox-chr-clim.com\/index.php\/wp-json\/wp\/v2\/types\/product"}],"replies":[{"embeddable":true,"href":"https:\/\/abinox-chr-clim.com\/index.php\/wp-json\/wp\/v2\/comments?post=67900"}],"wp:featuredmedia":[{"embeddable":true,"href":"https:\/\/abinox-chr-clim.com\/index.php\/wp-json\/wp\/v2\/media\/101536"}],"wp:attachment":[{"href":"https:\/\/abinox-chr-clim.com\/index.php\/wp-json\/wp\/v2\/media?parent=67900"}],"wp:term":[{"taxonomy":"product_brand","embeddable":true,"href":"https:\/\/abinox-chr-clim.com\/index.php\/wp-json\/wp\/v2\/product_brand?post=67900"},{"taxonomy":"product_cat","embeddable":true,"href":"https:\/\/abinox-chr-clim.com\/index.php\/wp-json\/wp\/v2\/product_cat?post=67900"},{"taxonomy":"product_tag","embeddable":true,"href":"https:\/\/abinox-chr-clim.com\/index.php\/wp-json\/wp\/v2\/product_tag?post=67900"}],"curies":[{"name":"wp","href":"https:\/\/api.w.org\/{rel}","templated":true}]}}