{"id":67898,"date":"2024-03-22T16:07:19","date_gmt":"2024-03-22T15:07:19","guid":{"rendered":"https:\/\/abinox-chr-clim.com\/index.php\/product\/cul-de-poule-en-acier-inoxydable-vogue-48l\/"},"modified":"2026-04-02T08:46:24","modified_gmt":"2026-04-02T06:46:24","slug":"cul-de-poule-en-acier-inoxydable-vogue-48l","status":"publish","type":"product","link":"https:\/\/abinox-chr-clim.com\/index.php\/product\/cul-de-poule-en-acier-inoxydable-vogue-48l\/","title":{"rendered":"Cul de poule en acier inoxydable Vogue 4,8L"},"content":{"rendered":"<p>En acier inoxydable.  Durable et empilable. Fond plat pour une utilisation stable.<br \/>Base plate offrant une stabilit\u00e9 sur votre surface de travail pendant l&rsquo;utilisation. Plus facile \u00e0 tenir en place pour un m\u00e9lange plus rapide et moins de d\u00e9versements. Conception robuste en acier inoxydable garantissant une fiabilit\u00e9 durable. Rapide et facile \u00e0 nettoyer, \u00e0 entretenir et \u00e0 garder hygi\u00e9nique. La conception empilable permet un rangement plus compact de plusieurs bols.  Base plate offrant une stabilit\u00e9 sur votre surface de travail pendant l&rsquo;utilisation.<\/p>\n<p>Caract\u00e9ristiques :<br \/> Capacit\u00e9 : 4,8 L.<br \/> Dimensions : 343(\u00d8) mm.<br \/> Mati\u00e8re : Acier inoxydable.<br \/> Couleur : Argent.<\/p>\n","protected":false},"excerpt":{"rendered":"<p>Cul de poule en acier inoxydable Vogue 4,8L<\/p>\n","protected":false},"featured_media":101153,"comment_status":"closed","ping_status":"closed","template":"","meta":[],"product_brand":[],"product_cat":[1099,1064,1297,1098],"product_tag":[],"class_list":{"0":"post-67898","1":"product","2":"type-product","3":"status-publish","4":"has-post-thumbnail","6":"product_cat-bassines-et-saladiers","7":"product_cat-cuisine","8":"product_cat-non-palettisable","9":"product_cat-ustensiles-cuisine","10":"product_shipping_class-free-shipping","12":"first","13":"instock","14":"featured","15":"taxable","16":"shipping-taxable","17":"purchasable","18":"product-type-simple"},"_links":{"self":[{"href":"https:\/\/abinox-chr-clim.com\/index.php\/wp-json\/wp\/v2\/product\/67898","targetHints":{"allow":["GET"]}}],"collection":[{"href":"https:\/\/abinox-chr-clim.com\/index.php\/wp-json\/wp\/v2\/product"}],"about":[{"href":"https:\/\/abinox-chr-clim.com\/index.php\/wp-json\/wp\/v2\/types\/product"}],"replies":[{"embeddable":true,"href":"https:\/\/abinox-chr-clim.com\/index.php\/wp-json\/wp\/v2\/comments?post=67898"}],"wp:featuredmedia":[{"embeddable":true,"href":"https:\/\/abinox-chr-clim.com\/index.php\/wp-json\/wp\/v2\/media\/101153"}],"wp:attachment":[{"href":"https:\/\/abinox-chr-clim.com\/index.php\/wp-json\/wp\/v2\/media?parent=67898"}],"wp:term":[{"taxonomy":"product_brand","embeddable":true,"href":"https:\/\/abinox-chr-clim.com\/index.php\/wp-json\/wp\/v2\/product_brand?post=67898"},{"taxonomy":"product_cat","embeddable":true,"href":"https:\/\/abinox-chr-clim.com\/index.php\/wp-json\/wp\/v2\/product_cat?post=67898"},{"taxonomy":"product_tag","embeddable":true,"href":"https:\/\/abinox-chr-clim.com\/index.php\/wp-json\/wp\/v2\/product_tag?post=67898"}],"curies":[{"name":"wp","href":"https:\/\/api.w.org\/{rel}","templated":true}]}}