{"id":67894,"date":"2024-03-22T16:07:15","date_gmt":"2024-03-22T15:07:15","guid":{"rendered":"https:\/\/abinox-chr-clim.com\/index.php\/product\/bols-de-cuisinier-en-verre-arcoroc-260mm-lot-de-6\/"},"modified":"2026-04-02T08:44:16","modified_gmt":"2026-04-02T06:44:16","slug":"bols-de-cuisinier-en-verre-arcoroc-260mm-lot-de-6","status":"publish","type":"product","link":"https:\/\/abinox-chr-clim.com\/index.php\/product\/bols-de-cuisinier-en-verre-arcoroc-260mm-lot-de-6\/","title":{"rendered":"Bols de cuisinier en verre Arcoroc 260mm (Lot de 6)"},"content":{"rendered":"<p>Verre tremp\u00e9. Fond plat.<br \/>Construction en verre tremp\u00e9 tr\u00e8s durable, sans plastique. Conception facile \u00e0 nettoyer pour gagner du temps &#8211; lavable au lave-vaisselle. Parfait pour chauffer le beurre, le chocolat et les sauces d\u00e9licates au-dessus de l&rsquo;eau bouillante. Convient au r\u00e9frig\u00e9rateur, au cong\u00e9lateur, au micro-ondes et au lave-vaisselle. Remarque : ce bol ne va pas au four.  Construction en verre tremp\u00e9 tr\u00e8s durable, sans plastique.<\/p>\n<p>Caract\u00e9ristiques :<br \/>Lot : 6.<br \/> Capacit\u00e9 : 3.9 litres.<br \/> Dimensions : 119(H) x 260(\u00d8) mm.<br \/> Mati\u00e8re : Verre.<br \/> Couleur : Transparent.<\/p>\n","protected":false},"excerpt":{"rendered":"<p>Bols de cuisinier en verre Arcoroc 260mm (Lot de 6)<\/p>\n","protected":false},"featured_media":102621,"comment_status":"closed","ping_status":"closed","template":"","meta":[],"product_brand":[],"product_cat":[1099,1064,1297,1098],"product_tag":[],"class_list":{"0":"post-67894","1":"product","2":"type-product","3":"status-publish","4":"has-post-thumbnail","6":"product_cat-bassines-et-saladiers","7":"product_cat-cuisine","8":"product_cat-non-palettisable","9":"product_cat-ustensiles-cuisine","10":"product_shipping_class-free-shipping","12":"first","13":"instock","14":"featured","15":"taxable","16":"shipping-taxable","17":"purchasable","18":"product-type-simple"},"_links":{"self":[{"href":"https:\/\/abinox-chr-clim.com\/index.php\/wp-json\/wp\/v2\/product\/67894","targetHints":{"allow":["GET"]}}],"collection":[{"href":"https:\/\/abinox-chr-clim.com\/index.php\/wp-json\/wp\/v2\/product"}],"about":[{"href":"https:\/\/abinox-chr-clim.com\/index.php\/wp-json\/wp\/v2\/types\/product"}],"replies":[{"embeddable":true,"href":"https:\/\/abinox-chr-clim.com\/index.php\/wp-json\/wp\/v2\/comments?post=67894"}],"wp:featuredmedia":[{"embeddable":true,"href":"https:\/\/abinox-chr-clim.com\/index.php\/wp-json\/wp\/v2\/media\/102621"}],"wp:attachment":[{"href":"https:\/\/abinox-chr-clim.com\/index.php\/wp-json\/wp\/v2\/media?parent=67894"}],"wp:term":[{"taxonomy":"product_brand","embeddable":true,"href":"https:\/\/abinox-chr-clim.com\/index.php\/wp-json\/wp\/v2\/product_brand?post=67894"},{"taxonomy":"product_cat","embeddable":true,"href":"https:\/\/abinox-chr-clim.com\/index.php\/wp-json\/wp\/v2\/product_cat?post=67894"},{"taxonomy":"product_tag","embeddable":true,"href":"https:\/\/abinox-chr-clim.com\/index.php\/wp-json\/wp\/v2\/product_tag?post=67894"}],"curies":[{"name":"wp","href":"https:\/\/api.w.org\/{rel}","templated":true}]}}