{"id":67890,"date":"2024-03-22T16:07:14","date_gmt":"2024-03-22T15:07:14","guid":{"rendered":"https:\/\/abinox-chr-clim.com\/index.php\/product\/petits-bols-de-cuisine-en-verre-arcoroc-355ml-lot-de-6\/"},"modified":"2026-04-02T08:39:07","modified_gmt":"2026-04-02T06:39:07","slug":"petits-bols-de-cuisine-en-verre-arcoroc-355ml-lot-de-6","status":"publish","type":"product","link":"https:\/\/abinox-chr-clim.com\/index.php\/product\/petits-bols-de-cuisine-en-verre-arcoroc-355ml-lot-de-6\/","title":{"rendered":"Petits bols de cuisine en verre Arcoroc 35,5ml (Lot de 6)"},"content":{"rendered":"<p>Verre tremp\u00e9. Fond plat.<br \/>Construction en verre tremp\u00e9 tr\u00e8s durable, sans plastique. Conception facile \u00e0 nettoyer pour gagner du temps &#8211; lavable au lave-vaisselle. Id\u00e9al pour la pr\u00e9sentation des aliments ou les pots de sauces. Convient au r\u00e9frig\u00e9rateur, au cong\u00e9lateur, au micro-ondes et au lave-vaisselle. Remarque : ce bol ne va pas au four.  Construction en verre tremp\u00e9 tr\u00e8s durable, sans plastique.<\/p>\n<p>Caract\u00e9ristiques :<br \/>Lot : 6.<br \/> Capacit\u00e9 : 3,55 cl.<br \/> Dimensions : 26(H) x 60(\u00d8) mm.<br \/> Mati\u00e8re : Verre.<br \/> Couleur : Transparent.<\/p>\n","protected":false},"excerpt":{"rendered":"<p>Petits bols de cuisine en verre Arcoroc 35,5ml (Lot de 6)<\/p>\n","protected":false},"featured_media":89763,"comment_status":"closed","ping_status":"closed","template":"","meta":[],"product_brand":[],"product_cat":[1099,1064,1297,1098],"product_tag":[],"class_list":{"0":"post-67890","1":"product","2":"type-product","3":"status-publish","4":"has-post-thumbnail","6":"product_cat-bassines-et-saladiers","7":"product_cat-cuisine","8":"product_cat-non-palettisable","9":"product_cat-ustensiles-cuisine","10":"product_shipping_class-free-shipping","12":"first","13":"instock","14":"featured","15":"taxable","16":"shipping-taxable","17":"purchasable","18":"product-type-simple"},"_links":{"self":[{"href":"https:\/\/abinox-chr-clim.com\/index.php\/wp-json\/wp\/v2\/product\/67890","targetHints":{"allow":["GET"]}}],"collection":[{"href":"https:\/\/abinox-chr-clim.com\/index.php\/wp-json\/wp\/v2\/product"}],"about":[{"href":"https:\/\/abinox-chr-clim.com\/index.php\/wp-json\/wp\/v2\/types\/product"}],"replies":[{"embeddable":true,"href":"https:\/\/abinox-chr-clim.com\/index.php\/wp-json\/wp\/v2\/comments?post=67890"}],"wp:featuredmedia":[{"embeddable":true,"href":"https:\/\/abinox-chr-clim.com\/index.php\/wp-json\/wp\/v2\/media\/89763"}],"wp:attachment":[{"href":"https:\/\/abinox-chr-clim.com\/index.php\/wp-json\/wp\/v2\/media?parent=67890"}],"wp:term":[{"taxonomy":"product_brand","embeddable":true,"href":"https:\/\/abinox-chr-clim.com\/index.php\/wp-json\/wp\/v2\/product_brand?post=67890"},{"taxonomy":"product_cat","embeddable":true,"href":"https:\/\/abinox-chr-clim.com\/index.php\/wp-json\/wp\/v2\/product_cat?post=67890"},{"taxonomy":"product_tag","embeddable":true,"href":"https:\/\/abinox-chr-clim.com\/index.php\/wp-json\/wp\/v2\/product_tag?post=67890"}],"curies":[{"name":"wp","href":"https:\/\/api.w.org\/{rel}","templated":true}]}}