{"id":67889,"date":"2024-03-22T16:07:14","date_gmt":"2024-03-22T15:07:14","guid":{"rendered":"https:\/\/abinox-chr-clim.com\/index.php\/product\/pots-a-sauce-churchill-stonecast-x-bleu-pale-88-ml-lot-de-12\/"},"modified":"2026-04-02T10:04:06","modified_gmt":"2026-04-02T08:04:06","slug":"pots-a-sauce-churchill-stonecast-x-bleu-pale-88-ml-lot-de-12","status":"publish","type":"product","link":"https:\/\/abinox-chr-clim.com\/index.php\/product\/pots-a-sauce-churchill-stonecast-x-bleu-pale-88-ml-lot-de-12\/","title":{"rendered":"Pots \u00e0 sauce Churchill Stonecast X bleu p\u00e2le 88 ml (lot de 12)"},"content":{"rendered":"<p>Les formes et les couleurs naturelles de la gamme Stonecast cr\u00e9ent la toile de fond parfaite pour les aliments frais. Articles disponibles sous 5 \u00e0 7 jours. Passe au four, au micro-ondes et au lave-vaisselle.<br \/>Chaque pi\u00e8ce est finie \u00e0 la main. Le badigeon est appliqu\u00e9 au pinceau. Le bord est peint avec une \u00e9ponge. Les fines mouchetures sont appliqu\u00e9es de mani\u00e8re al\u00e9atoire. Les couleurs ne s&rsquo;alt\u00e8rent pas. Couvert par la garantie anti \u00e9clats de 5 ans Churchill. Passe au lave-vaisselle et au micro-ondes.Chaque pi\u00e8ce est finie \u00e0 la main.<\/p>\n<p>Caract\u00e9ristiques :<br \/>Lot : 12.<br \/> Capacit\u00e9 : 88 ml.<br \/> Dimensions : 170(H) x 255(\u00d8) mm.<br \/> Mati\u00e8re : Porcelaine.<br \/> Couleur : \u0152uf de canard.<\/p>\n","protected":false},"excerpt":{"rendered":"<p>Pots \u00e0 sauce Churchill Stonecast X bleu p\u00e2le 88 ml (lot de 12)<\/p>\n","protected":false},"featured_media":89802,"comment_status":"closed","ping_status":"closed","template":"","meta":[],"product_brand":[],"product_cat":[1099,1064,1297,1098],"product_tag":[],"class_list":{"0":"post-67889","1":"product","2":"type-product","3":"status-publish","4":"has-post-thumbnail","6":"product_cat-bassines-et-saladiers","7":"product_cat-cuisine","8":"product_cat-non-palettisable","9":"product_cat-ustensiles-cuisine","10":"product_shipping_class-free-shipping","12":"first","13":"outofstock","14":"featured","15":"taxable","16":"shipping-taxable","17":"purchasable","18":"product-type-simple"},"_links":{"self":[{"href":"https:\/\/abinox-chr-clim.com\/index.php\/wp-json\/wp\/v2\/product\/67889","targetHints":{"allow":["GET"]}}],"collection":[{"href":"https:\/\/abinox-chr-clim.com\/index.php\/wp-json\/wp\/v2\/product"}],"about":[{"href":"https:\/\/abinox-chr-clim.com\/index.php\/wp-json\/wp\/v2\/types\/product"}],"replies":[{"embeddable":true,"href":"https:\/\/abinox-chr-clim.com\/index.php\/wp-json\/wp\/v2\/comments?post=67889"}],"wp:featuredmedia":[{"embeddable":true,"href":"https:\/\/abinox-chr-clim.com\/index.php\/wp-json\/wp\/v2\/media\/89802"}],"wp:attachment":[{"href":"https:\/\/abinox-chr-clim.com\/index.php\/wp-json\/wp\/v2\/media?parent=67889"}],"wp:term":[{"taxonomy":"product_brand","embeddable":true,"href":"https:\/\/abinox-chr-clim.com\/index.php\/wp-json\/wp\/v2\/product_brand?post=67889"},{"taxonomy":"product_cat","embeddable":true,"href":"https:\/\/abinox-chr-clim.com\/index.php\/wp-json\/wp\/v2\/product_cat?post=67889"},{"taxonomy":"product_tag","embeddable":true,"href":"https:\/\/abinox-chr-clim.com\/index.php\/wp-json\/wp\/v2\/product_tag?post=67889"}],"curies":[{"name":"wp","href":"https:\/\/api.w.org\/{rel}","templated":true}]}}