{"id":67806,"date":"2024-03-22T15:58:20","date_gmt":"2024-03-22T14:58:20","guid":{"rendered":"https:\/\/abinox-chr-clim.com\/index.php\/product\/recharge-butane-125g-haz\/"},"modified":"2026-04-11T09:07:26","modified_gmt":"2026-04-11T07:07:26","slug":"recharge-butane-125g-haz","status":"publish","type":"product","link":"https:\/\/abinox-chr-clim.com\/index.php\/product\/recharge-butane-125g-haz\/","title":{"rendered":"Recharge butane 125g HAZ"},"content":{"rendered":"<p>Allume-gaz \u00e9lectronique \u00e0 butane rechargeable. 250ml de combustible l\u00e9ger. Recharges non livrables en Corse et dans les \u00eeles.<\/p>\n<p>Caract\u00e9ristiques :<br \/> Capacit\u00e9 : 125g.<br \/> Dimensions : 182(H) x 52(\u00d8) mm.<\/p>\n","protected":false},"excerpt":{"rendered":"<p>Recharge butane 125g HAZ<\/p>\n","protected":false},"featured_media":99172,"comment_status":"closed","ping_status":"closed","template":"","meta":[],"product_brand":[],"product_cat":[1064,1297,1087,1093],"product_tag":[],"class_list":{"0":"post-67806","1":"product","2":"type-product","3":"status-publish","4":"has-post-thumbnail","6":"product_cat-cuisine","7":"product_cat-non-palettisable","8":"product_cat-patisserie","9":"product_cat-ustensiles","10":"product_shipping_class-free-shipping","12":"first","13":"instock","14":"featured","15":"taxable","16":"shipping-taxable","17":"purchasable","18":"product-type-simple"},"_links":{"self":[{"href":"https:\/\/abinox-chr-clim.com\/index.php\/wp-json\/wp\/v2\/product\/67806","targetHints":{"allow":["GET"]}}],"collection":[{"href":"https:\/\/abinox-chr-clim.com\/index.php\/wp-json\/wp\/v2\/product"}],"about":[{"href":"https:\/\/abinox-chr-clim.com\/index.php\/wp-json\/wp\/v2\/types\/product"}],"replies":[{"embeddable":true,"href":"https:\/\/abinox-chr-clim.com\/index.php\/wp-json\/wp\/v2\/comments?post=67806"}],"wp:featuredmedia":[{"embeddable":true,"href":"https:\/\/abinox-chr-clim.com\/index.php\/wp-json\/wp\/v2\/media\/99172"}],"wp:attachment":[{"href":"https:\/\/abinox-chr-clim.com\/index.php\/wp-json\/wp\/v2\/media?parent=67806"}],"wp:term":[{"taxonomy":"product_brand","embeddable":true,"href":"https:\/\/abinox-chr-clim.com\/index.php\/wp-json\/wp\/v2\/product_brand?post=67806"},{"taxonomy":"product_cat","embeddable":true,"href":"https:\/\/abinox-chr-clim.com\/index.php\/wp-json\/wp\/v2\/product_cat?post=67806"},{"taxonomy":"product_tag","embeddable":true,"href":"https:\/\/abinox-chr-clim.com\/index.php\/wp-json\/wp\/v2\/product_tag?post=67806"}],"curies":[{"name":"wp","href":"https:\/\/api.w.org\/{rel}","templated":true}]}}