{"id":67805,"date":"2024-03-22T15:58:20","date_gmt":"2024-03-22T14:58:20","guid":{"rendered":"https:\/\/abinox-chr-clim.com\/index.php\/product\/chalumeau-de-cuisine-professionnel-vogue\/"},"modified":"2026-04-11T09:03:06","modified_gmt":"2026-04-11T07:03:06","slug":"chalumeau-de-cuisine-professionnel-vogue","status":"publish","type":"product","link":"https:\/\/abinox-chr-clim.com\/index.php\/product\/chalumeau-de-cuisine-professionnel-vogue\/","title":{"rendered":"Chalumeau de cuisine professionnel Vogue"},"content":{"rendered":"<p>Puissants chalumeaux \u00e0 allumage automatique et socle amovible.  Se rechargent \u00e0 gaz.  Le chalumeau Pro fournit une flamme extra large tr\u00e8s puissante pour une finition rapide et parfaite. Combustible vendu s\u00e9par\u00e9ment.  Recharge non livrable en Corse et dans les \u00eeles.<br \/>Flamme extra large de haute puissance. Combustible vendu s\u00e9par\u00e9ment. Id\u00e9al pour une finition rapide. Peut \u00eatre utilis\u00e9 \u00e0 n&rsquo;importe quel angle. Allumage automatique. Support amovible.  Flamme extra large de haute puissance.<\/p>\n<p>Caract\u00e9ristiques :<br \/> Dimensions : 177(H) x 70(L) x 149(P) mm.<br \/> Mati\u00e8re : Plastique.<br \/> Couleur : Noir.<\/p>\n","protected":false},"excerpt":{"rendered":"<p>Chalumeau de cuisine professionnel Vogue<\/p>\n","protected":false},"featured_media":104795,"comment_status":"closed","ping_status":"closed","template":"","meta":[],"product_brand":[],"product_cat":[1064,1297,1087,1093],"product_tag":[],"class_list":{"0":"post-67805","1":"product","2":"type-product","3":"status-publish","4":"has-post-thumbnail","6":"product_cat-cuisine","7":"product_cat-non-palettisable","8":"product_cat-patisserie","9":"product_cat-ustensiles","10":"product_shipping_class-free-shipping","12":"first","13":"instock","14":"featured","15":"taxable","16":"shipping-taxable","17":"purchasable","18":"product-type-simple"},"_links":{"self":[{"href":"https:\/\/abinox-chr-clim.com\/index.php\/wp-json\/wp\/v2\/product\/67805","targetHints":{"allow":["GET"]}}],"collection":[{"href":"https:\/\/abinox-chr-clim.com\/index.php\/wp-json\/wp\/v2\/product"}],"about":[{"href":"https:\/\/abinox-chr-clim.com\/index.php\/wp-json\/wp\/v2\/types\/product"}],"replies":[{"embeddable":true,"href":"https:\/\/abinox-chr-clim.com\/index.php\/wp-json\/wp\/v2\/comments?post=67805"}],"wp:featuredmedia":[{"embeddable":true,"href":"https:\/\/abinox-chr-clim.com\/index.php\/wp-json\/wp\/v2\/media\/104795"}],"wp:attachment":[{"href":"https:\/\/abinox-chr-clim.com\/index.php\/wp-json\/wp\/v2\/media?parent=67805"}],"wp:term":[{"taxonomy":"product_brand","embeddable":true,"href":"https:\/\/abinox-chr-clim.com\/index.php\/wp-json\/wp\/v2\/product_brand?post=67805"},{"taxonomy":"product_cat","embeddable":true,"href":"https:\/\/abinox-chr-clim.com\/index.php\/wp-json\/wp\/v2\/product_cat?post=67805"},{"taxonomy":"product_tag","embeddable":true,"href":"https:\/\/abinox-chr-clim.com\/index.php\/wp-json\/wp\/v2\/product_tag?post=67805"}],"curies":[{"name":"wp","href":"https:\/\/api.w.org\/{rel}","templated":true}]}}