{"id":67804,"date":"2024-03-22T15:58:19","date_gmt":"2024-03-22T14:58:19","guid":{"rendered":"https:\/\/abinox-chr-clim.com\/index.php\/product\/recharges-pour-siphon-a-chantilly-isi-lot-de-10\/"},"modified":"2026-04-11T09:16:37","modified_gmt":"2026-04-11T07:16:37","slug":"recharges-pour-siphon-a-chantilly-isi-lot-de-10","status":"publish","type":"product","link":"https:\/\/abinox-chr-clim.com\/index.php\/product\/recharges-pour-siphon-a-chantilly-isi-lot-de-10\/","title":{"rendered":"Recharges pour siphon \u00e0 chantilly ISI (Lot de 10)"},"content":{"rendered":"<p>* Attention : ce produit est r\u00e9glement\u00e9 par la loi de 2016 sur les substances psychoactives et Nisbets se r\u00e9serve le droit de refuser la vente si une mauvaise utilisation ou une distribution ill\u00e9gale est suspect\u00e9e.<\/p>\n<p>Caract\u00e9ristiques :<br \/>Lot : 10.<br \/> Dimensions : 65(H) x 17(\u00d8) mm.<br \/> Mati\u00e8re : Acier.<br \/> Couleur : Argent.<\/p>\n","protected":false},"excerpt":{"rendered":"<p>Recharges pour siphon \u00e0 chantilly ISI (Lot de 10)<\/p>\n","protected":false},"featured_media":104550,"comment_status":"closed","ping_status":"closed","template":"","meta":[],"product_brand":[],"product_cat":[1064,1297,1087,1093],"product_tag":[],"class_list":{"0":"post-67804","1":"product","2":"type-product","3":"status-publish","4":"has-post-thumbnail","6":"product_cat-cuisine","7":"product_cat-non-palettisable","8":"product_cat-patisserie","9":"product_cat-ustensiles","10":"product_shipping_class-free-shipping","12":"first","13":"instock","14":"featured","15":"taxable","16":"shipping-taxable","17":"purchasable","18":"product-type-simple"},"_links":{"self":[{"href":"https:\/\/abinox-chr-clim.com\/index.php\/wp-json\/wp\/v2\/product\/67804","targetHints":{"allow":["GET"]}}],"collection":[{"href":"https:\/\/abinox-chr-clim.com\/index.php\/wp-json\/wp\/v2\/product"}],"about":[{"href":"https:\/\/abinox-chr-clim.com\/index.php\/wp-json\/wp\/v2\/types\/product"}],"replies":[{"embeddable":true,"href":"https:\/\/abinox-chr-clim.com\/index.php\/wp-json\/wp\/v2\/comments?post=67804"}],"wp:featuredmedia":[{"embeddable":true,"href":"https:\/\/abinox-chr-clim.com\/index.php\/wp-json\/wp\/v2\/media\/104550"}],"wp:attachment":[{"href":"https:\/\/abinox-chr-clim.com\/index.php\/wp-json\/wp\/v2\/media?parent=67804"}],"wp:term":[{"taxonomy":"product_brand","embeddable":true,"href":"https:\/\/abinox-chr-clim.com\/index.php\/wp-json\/wp\/v2\/product_brand?post=67804"},{"taxonomy":"product_cat","embeddable":true,"href":"https:\/\/abinox-chr-clim.com\/index.php\/wp-json\/wp\/v2\/product_cat?post=67804"},{"taxonomy":"product_tag","embeddable":true,"href":"https:\/\/abinox-chr-clim.com\/index.php\/wp-json\/wp\/v2\/product_tag?post=67804"}],"curies":[{"name":"wp","href":"https:\/\/api.w.org\/{rel}","templated":true}]}}