{"id":67803,"date":"2024-03-22T15:58:18","date_gmt":"2024-03-22T14:58:18","guid":{"rendered":"https:\/\/abinox-chr-clim.com\/index.php\/product\/tapis-de-cuisson-antiadhesif-330-x-1000mm\/"},"modified":"2026-04-11T08:59:46","modified_gmt":"2026-04-11T06:59:46","slug":"tapis-de-cuisson-antiadhesif-330-x-1000mm","status":"publish","type":"product","link":"https:\/\/abinox-chr-clim.com\/index.php\/product\/tapis-de-cuisson-antiadhesif-330-x-1000mm\/","title":{"rendered":"Tapis de cuisson antiadh\u00e9sif 330 x 1000mm"},"content":{"rendered":"<p>Tapis tiss\u00e9 avec rev\u00eatement PTFE pour une surface antiadh\u00e9sive ne n\u00e9cessitant ni graisses, ni huiles. S&rsquo;utilise pour cuire, griller, r\u00f4tir, frire et au micro-ondes. R\u00e9siste \u00e0 une temp\u00e9rature maximum de 260\u00b0C. Facile \u00e0 nettoyer.<br \/>Conception facile \u00e0 nettoyer pour gagner du temps &#8211; il suffit de l&rsquo;essuyer. Pas besoin de graisses ou d&rsquo;huiles &#8211; cuisine plus saine et \u00e9conomie d&rsquo;argent. Cuisinez comme vous voulez &#8211; convient \u00e0 la cuisson au four, au gril, au r\u00f4tissage, \u00e0 la friture en surface et au micro-ondes. Surface antiadh\u00e9sive &#8211; id\u00e9ale pour les plats d\u00e9licats qui collent au papier d&rsquo;aluminium. Coup\u00e9 \u00e0 la taille &#8211; s&rsquo;adapte parfaitement aux po\u00eales.  Conception facile \u00e0 nettoyer pour gagner du temps &#8211; il suffit de l&rsquo;essuyer.<\/p>\n<p>Caract\u00e9ristiques :<br \/> Dimensions : 330(L) x 1000(l)mm.<br \/> Mati\u00e8re : Toile tiss\u00e9e rev\u00eatement PTFE.<br \/> Temp\u00e9rature : Maximum: 260\u00b0C.<br \/> Couleur : Marron.<\/p>\n","protected":false},"excerpt":{"rendered":"<p>Tapis de cuisson antiadh\u00e9sif 330 x 1000mm<\/p>\n","protected":false},"featured_media":104537,"comment_status":"closed","ping_status":"closed","template":"","meta":[],"product_brand":[],"product_cat":[1064,1297,1087,1093],"product_tag":[],"class_list":{"0":"post-67803","1":"product","2":"type-product","3":"status-publish","4":"has-post-thumbnail","6":"product_cat-cuisine","7":"product_cat-non-palettisable","8":"product_cat-patisserie","9":"product_cat-ustensiles","10":"product_shipping_class-free-shipping","12":"first","13":"instock","14":"featured","15":"taxable","16":"shipping-taxable","17":"purchasable","18":"product-type-simple"},"_links":{"self":[{"href":"https:\/\/abinox-chr-clim.com\/index.php\/wp-json\/wp\/v2\/product\/67803","targetHints":{"allow":["GET"]}}],"collection":[{"href":"https:\/\/abinox-chr-clim.com\/index.php\/wp-json\/wp\/v2\/product"}],"about":[{"href":"https:\/\/abinox-chr-clim.com\/index.php\/wp-json\/wp\/v2\/types\/product"}],"replies":[{"embeddable":true,"href":"https:\/\/abinox-chr-clim.com\/index.php\/wp-json\/wp\/v2\/comments?post=67803"}],"wp:featuredmedia":[{"embeddable":true,"href":"https:\/\/abinox-chr-clim.com\/index.php\/wp-json\/wp\/v2\/media\/104537"}],"wp:attachment":[{"href":"https:\/\/abinox-chr-clim.com\/index.php\/wp-json\/wp\/v2\/media?parent=67803"}],"wp:term":[{"taxonomy":"product_brand","embeddable":true,"href":"https:\/\/abinox-chr-clim.com\/index.php\/wp-json\/wp\/v2\/product_brand?post=67803"},{"taxonomy":"product_cat","embeddable":true,"href":"https:\/\/abinox-chr-clim.com\/index.php\/wp-json\/wp\/v2\/product_cat?post=67803"},{"taxonomy":"product_tag","embeddable":true,"href":"https:\/\/abinox-chr-clim.com\/index.php\/wp-json\/wp\/v2\/product_tag?post=67803"}],"curies":[{"name":"wp","href":"https:\/\/api.w.org\/{rel}","templated":true}]}}