{"id":67799,"date":"2024-03-22T15:58:14","date_gmt":"2024-03-22T14:58:14","guid":{"rendered":"https:\/\/abinox-chr-clim.com\/index.php\/product\/mesures-vogue\/"},"modified":"2026-04-11T08:56:46","modified_gmt":"2026-04-11T06:56:46","slug":"mesures-vogue","status":"publish","type":"product","link":"https:\/\/abinox-chr-clim.com\/index.php\/product\/mesures-vogue\/","title":{"rendered":"Mesures Vogue"},"content":{"rendered":"<p>Lot de 5 mesures: 30ml\/60ml\/80ml\/125ml\/250ml.<br \/>Lot de 5 mesures. 1\/8: 30 ml (39 \u00d8 x 24 mm de profondeur), 1\/4 : 60 ml (53 \u00d8 x 27 mm de profondeur), 1\/3 : 80 ml (58 \u00d8 x 34 mm de profondeur), 1\/2 : 125 ml (68 \u00d8 x 34 mm de profondeur) et 1\/1 : 250 ml (81 \u00d8 x 48 mm de profondeur).Acier inoxydable pour la durabilit\u00e9 &#8211; inox 304. Lavable au lave-vaisselle pour un nettoyage rapide. Pour une mesure rapide et pr\u00e9cise. Dimensions des manches : 30ml: 70x18mm. 60ml: 68x18mm. 80ml: 65x18mm. 125ml: 66x18mm. 250ml: 63x18mm.  Lot de 5 mesures. 1\/8: 30 ml (39 \u00d8 x 24 mm de profondeur), 1\/4 : 60 ml (53 \u00d8 x 27 mm de profondeur), 1\/3 : 80 ml (58 \u00d8 x 34 mm de profondeur), 1\/2 : 125 ml (68 \u00d8 x 34 mm de profondeur) et 1\/1 : 250 ml (81 \u00d8 x 48 mm de profondeur). .<br \/> Caract\u00e9ristiques :<br \/> Capacit\u00e9 : 30ml, 60ml, 80ml, 125ml &#038; 250ml.<br \/> Dimensions : 41(H) x 81(\u00d8) mm.<br \/> Mati\u00e8re : Inox 304.<br \/> Couleur : Argent.<\/p>\n","protected":false},"excerpt":{"rendered":"<p>Mesures Vogue<\/p>\n","protected":false},"featured_media":104302,"comment_status":"closed","ping_status":"closed","template":"","meta":[],"product_brand":[],"product_cat":[1064,1297,1087,1093],"product_tag":[],"class_list":{"0":"post-67799","1":"product","2":"type-product","3":"status-publish","4":"has-post-thumbnail","6":"product_cat-cuisine","7":"product_cat-non-palettisable","8":"product_cat-patisserie","9":"product_cat-ustensiles","10":"product_shipping_class-free-shipping","12":"first","13":"instock","14":"featured","15":"taxable","16":"shipping-taxable","17":"purchasable","18":"product-type-simple"},"_links":{"self":[{"href":"https:\/\/abinox-chr-clim.com\/index.php\/wp-json\/wp\/v2\/product\/67799","targetHints":{"allow":["GET"]}}],"collection":[{"href":"https:\/\/abinox-chr-clim.com\/index.php\/wp-json\/wp\/v2\/product"}],"about":[{"href":"https:\/\/abinox-chr-clim.com\/index.php\/wp-json\/wp\/v2\/types\/product"}],"replies":[{"embeddable":true,"href":"https:\/\/abinox-chr-clim.com\/index.php\/wp-json\/wp\/v2\/comments?post=67799"}],"wp:featuredmedia":[{"embeddable":true,"href":"https:\/\/abinox-chr-clim.com\/index.php\/wp-json\/wp\/v2\/media\/104302"}],"wp:attachment":[{"href":"https:\/\/abinox-chr-clim.com\/index.php\/wp-json\/wp\/v2\/media?parent=67799"}],"wp:term":[{"taxonomy":"product_brand","embeddable":true,"href":"https:\/\/abinox-chr-clim.com\/index.php\/wp-json\/wp\/v2\/product_brand?post=67799"},{"taxonomy":"product_cat","embeddable":true,"href":"https:\/\/abinox-chr-clim.com\/index.php\/wp-json\/wp\/v2\/product_cat?post=67799"},{"taxonomy":"product_tag","embeddable":true,"href":"https:\/\/abinox-chr-clim.com\/index.php\/wp-json\/wp\/v2\/product_tag?post=67799"}],"curies":[{"name":"wp","href":"https:\/\/api.w.org\/{rel}","templated":true}]}}