{"id":67796,"date":"2024-03-22T15:58:13","date_gmt":"2024-03-22T14:58:13","guid":{"rendered":"https:\/\/abinox-chr-clim.com\/index.php\/product\/rouleau-a-patisserie-en-polyethylene-vogue-508mm\/"},"modified":"2026-04-11T08:55:47","modified_gmt":"2026-04-11T06:55:47","slug":"rouleau-a-patisserie-en-polyethylene-vogue-508mm","status":"publish","type":"product","link":"https:\/\/abinox-chr-clim.com\/index.php\/product\/rouleau-a-patisserie-en-polyethylene-vogue-508mm\/","title":{"rendered":"Rouleau \u00e0 p\u00e2tisserie en poly\u00e9thyl\u00e8ne Vogue 508mm"},"content":{"rendered":"<p>La surface lisse garantit une finition impeccable. Incroyablement r\u00e9sistant. Exceptionnellement hygi\u00e9nique. Compatible lave-vaisselle. La surface lisse garantit une finition impeccable.<\/p>\n<p>Caract\u00e9ristiques :<br \/> Dimensions : 508(L) x 40(\u00d8) mm.<br \/> Mati\u00e8re : Poly\u00e9thyl\u00e8ne<\/p>\n","protected":false},"excerpt":{"rendered":"<p>Rouleau \u00e0 p\u00e2tisserie en poly\u00e9thyl\u00e8ne Vogue 508mm<\/p>\n","protected":false},"featured_media":104227,"comment_status":"closed","ping_status":"closed","template":"","meta":[],"product_brand":[],"product_cat":[1064,1297,1087,1093],"product_tag":[],"class_list":{"0":"post-67796","1":"product","2":"type-product","3":"status-publish","4":"has-post-thumbnail","6":"product_cat-cuisine","7":"product_cat-non-palettisable","8":"product_cat-patisserie","9":"product_cat-ustensiles","10":"product_shipping_class-free-shipping","12":"first","13":"instock","14":"featured","15":"taxable","16":"shipping-taxable","17":"purchasable","18":"product-type-simple"},"_links":{"self":[{"href":"https:\/\/abinox-chr-clim.com\/index.php\/wp-json\/wp\/v2\/product\/67796","targetHints":{"allow":["GET"]}}],"collection":[{"href":"https:\/\/abinox-chr-clim.com\/index.php\/wp-json\/wp\/v2\/product"}],"about":[{"href":"https:\/\/abinox-chr-clim.com\/index.php\/wp-json\/wp\/v2\/types\/product"}],"replies":[{"embeddable":true,"href":"https:\/\/abinox-chr-clim.com\/index.php\/wp-json\/wp\/v2\/comments?post=67796"}],"wp:featuredmedia":[{"embeddable":true,"href":"https:\/\/abinox-chr-clim.com\/index.php\/wp-json\/wp\/v2\/media\/104227"}],"wp:attachment":[{"href":"https:\/\/abinox-chr-clim.com\/index.php\/wp-json\/wp\/v2\/media?parent=67796"}],"wp:term":[{"taxonomy":"product_brand","embeddable":true,"href":"https:\/\/abinox-chr-clim.com\/index.php\/wp-json\/wp\/v2\/product_brand?post=67796"},{"taxonomy":"product_cat","embeddable":true,"href":"https:\/\/abinox-chr-clim.com\/index.php\/wp-json\/wp\/v2\/product_cat?post=67796"},{"taxonomy":"product_tag","embeddable":true,"href":"https:\/\/abinox-chr-clim.com\/index.php\/wp-json\/wp\/v2\/product_tag?post=67796"}],"curies":[{"name":"wp","href":"https:\/\/api.w.org\/{rel}","templated":true}]}}