{"id":67792,"date":"2024-03-22T15:58:12","date_gmt":"2024-03-22T14:58:12","guid":{"rendered":"https:\/\/abinox-chr-clim.com\/index.php\/product\/rouleau-a-patisserie-en-polyethylene-vogue-305mm\/"},"modified":"2026-04-11T08:55:44","modified_gmt":"2026-04-11T06:55:44","slug":"rouleau-a-patisserie-en-polyethylene-vogue-305mm","status":"publish","type":"product","link":"https:\/\/abinox-chr-clim.com\/index.php\/product\/rouleau-a-patisserie-en-polyethylene-vogue-305mm\/","title":{"rendered":"Rouleau \u00e0 p\u00e2tisserie en poly\u00e9thyl\u00e8ne Vogue 305mm"},"content":{"rendered":"<p>Id\u00e9al pour \u00e9taler les p\u00e2tes. Mat\u00e9riau antiadh\u00e9sif.<\/p>\n<p>Caract\u00e9ristiques :<br \/> Dimensions : 305(L)mm.<br \/> Mati\u00e8re : Poly\u00e9thyl\u00e8ne.<br \/> Couleur : Blanc.<\/p>\n","protected":false},"excerpt":{"rendered":"<p>Rouleau \u00e0 p\u00e2tisserie en poly\u00e9thyl\u00e8ne Vogue 305mm<\/p>\n","protected":false},"featured_media":104223,"comment_status":"closed","ping_status":"closed","template":"","meta":[],"product_brand":[],"product_cat":[1064,1297,1087,1093],"product_tag":[],"class_list":{"0":"post-67792","1":"product","2":"type-product","3":"status-publish","4":"has-post-thumbnail","6":"product_cat-cuisine","7":"product_cat-non-palettisable","8":"product_cat-patisserie","9":"product_cat-ustensiles","10":"product_shipping_class-free-shipping","12":"first","13":"instock","14":"featured","15":"taxable","16":"shipping-taxable","17":"purchasable","18":"product-type-simple"},"_links":{"self":[{"href":"https:\/\/abinox-chr-clim.com\/index.php\/wp-json\/wp\/v2\/product\/67792","targetHints":{"allow":["GET"]}}],"collection":[{"href":"https:\/\/abinox-chr-clim.com\/index.php\/wp-json\/wp\/v2\/product"}],"about":[{"href":"https:\/\/abinox-chr-clim.com\/index.php\/wp-json\/wp\/v2\/types\/product"}],"replies":[{"embeddable":true,"href":"https:\/\/abinox-chr-clim.com\/index.php\/wp-json\/wp\/v2\/comments?post=67792"}],"wp:featuredmedia":[{"embeddable":true,"href":"https:\/\/abinox-chr-clim.com\/index.php\/wp-json\/wp\/v2\/media\/104223"}],"wp:attachment":[{"href":"https:\/\/abinox-chr-clim.com\/index.php\/wp-json\/wp\/v2\/media?parent=67792"}],"wp:term":[{"taxonomy":"product_brand","embeddable":true,"href":"https:\/\/abinox-chr-clim.com\/index.php\/wp-json\/wp\/v2\/product_brand?post=67792"},{"taxonomy":"product_cat","embeddable":true,"href":"https:\/\/abinox-chr-clim.com\/index.php\/wp-json\/wp\/v2\/product_cat?post=67792"},{"taxonomy":"product_tag","embeddable":true,"href":"https:\/\/abinox-chr-clim.com\/index.php\/wp-json\/wp\/v2\/product_tag?post=67792"}],"curies":[{"name":"wp","href":"https:\/\/api.w.org\/{rel}","templated":true}]}}