{"id":67791,"date":"2024-03-22T15:58:12","date_gmt":"2024-03-22T14:58:12","guid":{"rendered":"https:\/\/abinox-chr-clim.com\/index.php\/product\/saupoudreuse-avec-dessus-en-maille-fine-vogue\/"},"modified":"2026-04-11T08:55:40","modified_gmt":"2026-04-11T06:55:40","slug":"saupoudreuse-avec-dessus-en-maille-fine-vogue","status":"publish","type":"product","link":"https:\/\/abinox-chr-clim.com\/index.php\/product\/saupoudreuse-avec-dessus-en-maille-fine-vogue\/","title":{"rendered":"Saupoudreuse avec dessus en maille fine Vogue"},"content":{"rendered":"<p>R\u00e9cipient en acier inoxydable 275 ml avec couvercle en maille m\u00e9tallique pour saupoudrer de farine, sucre glace, poudre de cacao et d&rsquo;\u00e9pices en poudre.<br \/>Les mailles fines permettent un d\u00e9poussi\u00e9rage tr\u00e8s l\u00e9ger. Facile \u00e0 nettoyer pour l&rsquo;hygi\u00e8ne. Acier inoxydable pour la durabilit\u00e9. Capuchon protecteur en plastique pour pr\u00e9server le contenu. Id\u00e9al pour secouer la farine, le sucre glace, la poudre de cacao et les \u00e9pices en poudre pour une utilisation polyvalente.  Les mailles fines permettent un d\u00e9poussi\u00e9rage tr\u00e8s l\u00e9ger.<\/p>\n<p>Caract\u00e9ristiques :<br \/> Dimensions : 70(dia) x 90(h)mm.<br \/> Mati\u00e8re : Acier inoxydable.<br \/> Couleur : Argent.<\/p>\n","protected":false},"excerpt":{"rendered":"<p>Saupoudreuse avec dessus en maille fine Vogue<\/p>\n","protected":false},"featured_media":104218,"comment_status":"closed","ping_status":"closed","template":"","meta":[],"product_brand":[],"product_cat":[1064,1297,1087,1093],"product_tag":[],"class_list":{"0":"post-67791","1":"product","2":"type-product","3":"status-publish","4":"has-post-thumbnail","6":"product_cat-cuisine","7":"product_cat-non-palettisable","8":"product_cat-patisserie","9":"product_cat-ustensiles","10":"product_shipping_class-free-shipping","12":"first","13":"instock","14":"featured","15":"taxable","16":"shipping-taxable","17":"purchasable","18":"product-type-simple"},"_links":{"self":[{"href":"https:\/\/abinox-chr-clim.com\/index.php\/wp-json\/wp\/v2\/product\/67791","targetHints":{"allow":["GET"]}}],"collection":[{"href":"https:\/\/abinox-chr-clim.com\/index.php\/wp-json\/wp\/v2\/product"}],"about":[{"href":"https:\/\/abinox-chr-clim.com\/index.php\/wp-json\/wp\/v2\/types\/product"}],"replies":[{"embeddable":true,"href":"https:\/\/abinox-chr-clim.com\/index.php\/wp-json\/wp\/v2\/comments?post=67791"}],"wp:featuredmedia":[{"embeddable":true,"href":"https:\/\/abinox-chr-clim.com\/index.php\/wp-json\/wp\/v2\/media\/104218"}],"wp:attachment":[{"href":"https:\/\/abinox-chr-clim.com\/index.php\/wp-json\/wp\/v2\/media?parent=67791"}],"wp:term":[{"taxonomy":"product_brand","embeddable":true,"href":"https:\/\/abinox-chr-clim.com\/index.php\/wp-json\/wp\/v2\/product_brand?post=67791"},{"taxonomy":"product_cat","embeddable":true,"href":"https:\/\/abinox-chr-clim.com\/index.php\/wp-json\/wp\/v2\/product_cat?post=67791"},{"taxonomy":"product_tag","embeddable":true,"href":"https:\/\/abinox-chr-clim.com\/index.php\/wp-json\/wp\/v2\/product_tag?post=67791"}],"curies":[{"name":"wp","href":"https:\/\/api.w.org\/{rel}","templated":true}]}}