{"id":67787,"date":"2024-03-22T15:58:10","date_gmt":"2024-03-22T14:58:10","guid":{"rendered":"https:\/\/abinox-chr-clim.com\/index.php\/product\/rouleau-a-pointiller-schneider\/"},"modified":"2026-04-11T09:39:37","modified_gmt":"2026-04-11T07:39:37","slug":"rouleau-a-pointiller-schneider","status":"publish","type":"product","link":"https:\/\/abinox-chr-clim.com\/index.php\/product\/rouleau-a-pointiller-schneider\/","title":{"rendered":"Rouleau \u00e0 pointiller Schneider"},"content":{"rendered":"<p>S&rsquo;utilise pour \u00e9viter que les p\u00e2tes et les pains ne gonflent ou l\u00e8vent aux mauvais endroits. Plastique. Lavable au lave-vaisselle.<br \/>Poign\u00e9e plastique renforc\u00e9e. Lavable au lave-vaisselle. Poign\u00e9e plastique renforc\u00e9e.<\/p>\n<p>Caract\u00e9ristiques :<br \/> Mati\u00e8re : Polyoxym\u00e9thyl\u00e8ne.<br \/> Couleur : Cr\u00e8me.<\/p>\n","protected":false},"excerpt":{"rendered":"<p>Rouleau \u00e0 pointiller Schneider<\/p>\n","protected":false},"featured_media":102977,"comment_status":"closed","ping_status":"closed","template":"","meta":[],"product_brand":[],"product_cat":[1064,1297,1087,1093],"product_tag":[],"class_list":{"0":"post-67787","1":"product","2":"type-product","3":"status-publish","4":"has-post-thumbnail","6":"product_cat-cuisine","7":"product_cat-non-palettisable","8":"product_cat-patisserie","9":"product_cat-ustensiles","10":"product_shipping_class-free-shipping","12":"first","13":"instock","14":"featured","15":"taxable","16":"shipping-taxable","17":"purchasable","18":"product-type-simple"},"_links":{"self":[{"href":"https:\/\/abinox-chr-clim.com\/index.php\/wp-json\/wp\/v2\/product\/67787","targetHints":{"allow":["GET"]}}],"collection":[{"href":"https:\/\/abinox-chr-clim.com\/index.php\/wp-json\/wp\/v2\/product"}],"about":[{"href":"https:\/\/abinox-chr-clim.com\/index.php\/wp-json\/wp\/v2\/types\/product"}],"replies":[{"embeddable":true,"href":"https:\/\/abinox-chr-clim.com\/index.php\/wp-json\/wp\/v2\/comments?post=67787"}],"wp:featuredmedia":[{"embeddable":true,"href":"https:\/\/abinox-chr-clim.com\/index.php\/wp-json\/wp\/v2\/media\/102977"}],"wp:attachment":[{"href":"https:\/\/abinox-chr-clim.com\/index.php\/wp-json\/wp\/v2\/media?parent=67787"}],"wp:term":[{"taxonomy":"product_brand","embeddable":true,"href":"https:\/\/abinox-chr-clim.com\/index.php\/wp-json\/wp\/v2\/product_brand?post=67787"},{"taxonomy":"product_cat","embeddable":true,"href":"https:\/\/abinox-chr-clim.com\/index.php\/wp-json\/wp\/v2\/product_cat?post=67787"},{"taxonomy":"product_tag","embeddable":true,"href":"https:\/\/abinox-chr-clim.com\/index.php\/wp-json\/wp\/v2\/product_tag?post=67787"}],"curies":[{"name":"wp","href":"https:\/\/api.w.org\/{rel}","templated":true}]}}