{"id":67784,"date":"2024-03-22T15:58:09","date_gmt":"2024-03-22T14:58:09","guid":{"rendered":"https:\/\/abinox-chr-clim.com\/index.php\/product\/pelle-a-farine-en-polyethylene-schneider-110ml\/"},"modified":"2026-04-11T10:01:41","modified_gmt":"2026-04-11T08:01:41","slug":"pelle-a-farine-en-polyethylene-schneider-110ml","status":"publish","type":"product","link":"https:\/\/abinox-chr-clim.com\/index.php\/product\/pelle-a-farine-en-polyethylene-schneider-110ml\/","title":{"rendered":"Pelle \u00e0 farine en poly\u00e9thyl\u00e8ne Schneider 110ml"},"content":{"rendered":"<p>Pelles transparentes en poly\u00e9thyl\u00e8ne. Compatibles lave-vaisselle.<br \/>Pour toutes sortes de denr\u00e9es alimentaires. Compatible lave-vaisselle. Transparente. Prise solide.  Pour toutes sortes de denr\u00e9es alimentaires.<\/p>\n<p>Caract\u00e9ristiques :<br \/> Dimensions : 31(H) x 63(L) x 190(P) mm.<br \/> Mati\u00e8re : Poly\u00e9thyl\u00e8ne.<br \/> Couleur : Blanc.<\/p>\n","protected":false},"excerpt":{"rendered":"<p>Pelle \u00e0 farine en poly\u00e9thyl\u00e8ne Schneider 110ml<\/p>\n","protected":false},"featured_media":103826,"comment_status":"closed","ping_status":"closed","template":"","meta":[],"product_brand":[],"product_cat":[1064,1297,1087,1093],"product_tag":[],"class_list":{"0":"post-67784","1":"product","2":"type-product","3":"status-publish","4":"has-post-thumbnail","6":"product_cat-cuisine","7":"product_cat-non-palettisable","8":"product_cat-patisserie","9":"product_cat-ustensiles","10":"product_shipping_class-free-shipping","12":"first","13":"instock","14":"featured","15":"taxable","16":"shipping-taxable","17":"purchasable","18":"product-type-simple"},"_links":{"self":[{"href":"https:\/\/abinox-chr-clim.com\/index.php\/wp-json\/wp\/v2\/product\/67784","targetHints":{"allow":["GET"]}}],"collection":[{"href":"https:\/\/abinox-chr-clim.com\/index.php\/wp-json\/wp\/v2\/product"}],"about":[{"href":"https:\/\/abinox-chr-clim.com\/index.php\/wp-json\/wp\/v2\/types\/product"}],"replies":[{"embeddable":true,"href":"https:\/\/abinox-chr-clim.com\/index.php\/wp-json\/wp\/v2\/comments?post=67784"}],"wp:featuredmedia":[{"embeddable":true,"href":"https:\/\/abinox-chr-clim.com\/index.php\/wp-json\/wp\/v2\/media\/103826"}],"wp:attachment":[{"href":"https:\/\/abinox-chr-clim.com\/index.php\/wp-json\/wp\/v2\/media?parent=67784"}],"wp:term":[{"taxonomy":"product_brand","embeddable":true,"href":"https:\/\/abinox-chr-clim.com\/index.php\/wp-json\/wp\/v2\/product_brand?post=67784"},{"taxonomy":"product_cat","embeddable":true,"href":"https:\/\/abinox-chr-clim.com\/index.php\/wp-json\/wp\/v2\/product_cat?post=67784"},{"taxonomy":"product_tag","embeddable":true,"href":"https:\/\/abinox-chr-clim.com\/index.php\/wp-json\/wp\/v2\/product_tag?post=67784"}],"curies":[{"name":"wp","href":"https:\/\/api.w.org\/{rel}","templated":true}]}}