{"id":67783,"date":"2024-03-22T15:58:09","date_gmt":"2024-03-22T14:58:09","guid":{"rendered":"https:\/\/abinox-chr-clim.com\/index.php\/product\/couteau-et-pelle-a-gateau-schneider-18cm\/"},"modified":"2026-04-11T10:01:40","modified_gmt":"2026-04-11T08:01:40","slug":"couteau-et-pelle-a-gateau-schneider-18cm","status":"publish","type":"product","link":"https:\/\/abinox-chr-clim.com\/index.php\/product\/couteau-et-pelle-a-gateau-schneider-18cm\/","title":{"rendered":"Couteau et pelle \u00e0 g\u00e2teau Schneider 18cm"},"content":{"rendered":"<p>Permet de couper et \u00e9taler avec le c\u00f4t\u00e9 ou le plat de la lame en acier au chrome-molybd\u00e8ne.<br \/>2-en-1 : coupez avec la lame dent\u00e9e et servez avec le bord lisse. Nettoyez la lame avec de l&rsquo;eau chaude et un chiffon doux. Acier au chrome molybd\u00e8ne de premi\u00e8re cat\u00e9gorie pour une r\u00e9sistance ultime. Manche de forme ergonomique.  2-en-1 : coupez avec la lame dent\u00e9e et servez avec le bord lisse.<\/p>\n<p>Caract\u00e9ristiques :<br \/> Dimensions : 291(L) mm.<br \/> Mati\u00e8re : Acier.<br \/> Couleur : Argent.<\/p>\n","protected":false},"excerpt":{"rendered":"<p>Couteau et pelle \u00e0 g\u00e2teau Schneider 18cm<\/p>\n","protected":false},"featured_media":102992,"comment_status":"closed","ping_status":"closed","template":"","meta":[],"product_brand":[],"product_cat":[1064,1297,1087,1093],"product_tag":[],"class_list":{"0":"post-67783","1":"product","2":"type-product","3":"status-publish","4":"has-post-thumbnail","6":"product_cat-cuisine","7":"product_cat-non-palettisable","8":"product_cat-patisserie","9":"product_cat-ustensiles","10":"product_shipping_class-free-shipping","12":"first","13":"instock","14":"featured","15":"taxable","16":"shipping-taxable","17":"purchasable","18":"product-type-simple"},"_links":{"self":[{"href":"https:\/\/abinox-chr-clim.com\/index.php\/wp-json\/wp\/v2\/product\/67783","targetHints":{"allow":["GET"]}}],"collection":[{"href":"https:\/\/abinox-chr-clim.com\/index.php\/wp-json\/wp\/v2\/product"}],"about":[{"href":"https:\/\/abinox-chr-clim.com\/index.php\/wp-json\/wp\/v2\/types\/product"}],"replies":[{"embeddable":true,"href":"https:\/\/abinox-chr-clim.com\/index.php\/wp-json\/wp\/v2\/comments?post=67783"}],"wp:featuredmedia":[{"embeddable":true,"href":"https:\/\/abinox-chr-clim.com\/index.php\/wp-json\/wp\/v2\/media\/102992"}],"wp:attachment":[{"href":"https:\/\/abinox-chr-clim.com\/index.php\/wp-json\/wp\/v2\/media?parent=67783"}],"wp:term":[{"taxonomy":"product_brand","embeddable":true,"href":"https:\/\/abinox-chr-clim.com\/index.php\/wp-json\/wp\/v2\/product_brand?post=67783"},{"taxonomy":"product_cat","embeddable":true,"href":"https:\/\/abinox-chr-clim.com\/index.php\/wp-json\/wp\/v2\/product_cat?post=67783"},{"taxonomy":"product_tag","embeddable":true,"href":"https:\/\/abinox-chr-clim.com\/index.php\/wp-json\/wp\/v2\/product_tag?post=67783"}],"curies":[{"name":"wp","href":"https:\/\/api.w.org\/{rel}","templated":true}]}}