{"id":67780,"date":"2024-03-22T15:58:08","date_gmt":"2024-03-22T14:58:08","guid":{"rendered":"https:\/\/abinox-chr-clim.com\/index.php\/product\/lot-de-6-cuilleres-a-mesure-vogue\/"},"modified":"2026-04-11T09:28:49","modified_gmt":"2026-04-11T07:28:49","slug":"lot-de-6-cuilleres-a-mesure-vogue","status":"publish","type":"product","link":"https:\/\/abinox-chr-clim.com\/index.php\/product\/lot-de-6-cuilleres-a-mesure-vogue\/","title":{"rendered":"Lot de 6 cuill\u00e8res \u00e0 mesure Vogue"},"content":{"rendered":"<p>Acier inoxydable. Comprend : 0,62ml &#8211; 1,25ml &#8211; 2,5ml &#8211; 5ml &#8211; 7,5ml et 15ml.<br \/>. Comprend : 0,62ml &#8211; 1,25ml &#8211; 2,5ml &#8211; 5ml &#8211; 7,5ml et 15ml.Durable. Acier inoxydable pour la durabilit\u00e9. Lavable au lave-vaisselle pour un nettoyage rapide. Donne des r\u00e9sultats pr\u00e9cis pour une bonne cuisson.  .<\/p>\n<p>Caract\u00e9ristiques :<br \/> Mati\u00e8re : Acier inoxydable.<br \/> Couleur : Argent.<\/p>\n","protected":false},"excerpt":{"rendered":"<p>Lot de 6 cuill\u00e8res \u00e0 mesure Vogue<\/p>\n","protected":false},"featured_media":102120,"comment_status":"closed","ping_status":"closed","template":"","meta":[],"product_brand":[],"product_cat":[1064,1297,1087,1093],"product_tag":[],"class_list":{"0":"post-67780","1":"product","2":"type-product","3":"status-publish","4":"has-post-thumbnail","6":"product_cat-cuisine","7":"product_cat-non-palettisable","8":"product_cat-patisserie","9":"product_cat-ustensiles","10":"product_shipping_class-free-shipping","12":"first","13":"instock","14":"featured","15":"taxable","16":"shipping-taxable","17":"purchasable","18":"product-type-simple"},"_links":{"self":[{"href":"https:\/\/abinox-chr-clim.com\/index.php\/wp-json\/wp\/v2\/product\/67780","targetHints":{"allow":["GET"]}}],"collection":[{"href":"https:\/\/abinox-chr-clim.com\/index.php\/wp-json\/wp\/v2\/product"}],"about":[{"href":"https:\/\/abinox-chr-clim.com\/index.php\/wp-json\/wp\/v2\/types\/product"}],"replies":[{"embeddable":true,"href":"https:\/\/abinox-chr-clim.com\/index.php\/wp-json\/wp\/v2\/comments?post=67780"}],"wp:featuredmedia":[{"embeddable":true,"href":"https:\/\/abinox-chr-clim.com\/index.php\/wp-json\/wp\/v2\/media\/102120"}],"wp:attachment":[{"href":"https:\/\/abinox-chr-clim.com\/index.php\/wp-json\/wp\/v2\/media?parent=67780"}],"wp:term":[{"taxonomy":"product_brand","embeddable":true,"href":"https:\/\/abinox-chr-clim.com\/index.php\/wp-json\/wp\/v2\/product_brand?post=67780"},{"taxonomy":"product_cat","embeddable":true,"href":"https:\/\/abinox-chr-clim.com\/index.php\/wp-json\/wp\/v2\/product_cat?post=67780"},{"taxonomy":"product_tag","embeddable":true,"href":"https:\/\/abinox-chr-clim.com\/index.php\/wp-json\/wp\/v2\/product_tag?post=67780"}],"curies":[{"name":"wp","href":"https:\/\/api.w.org\/{rel}","templated":true}]}}