{"id":67779,"date":"2024-03-22T15:58:08","date_gmt":"2024-03-22T14:58:08","guid":{"rendered":"https:\/\/abinox-chr-clim.com\/index.php\/product\/siphon-a-chantilly-vogue-1l\/"},"modified":"2026-04-11T08:51:47","modified_gmt":"2026-04-11T06:51:47","slug":"siphon-a-chantilly-vogue-1l","status":"publish","type":"product","link":"https:\/\/abinox-chr-clim.com\/index.php\/product\/siphon-a-chantilly-vogue-1l\/","title":{"rendered":"Siphon \u00e0 chantilly Vogue 1L"},"content":{"rendered":"<p>Trois buses de distribution pour un large choix d&rsquo;effets d\u00e9coratifs. Peut \u00eatre utilis\u00e9 avec les cartouches Vogue Whipper (codes produit : CB439, CB163 et S659). Corps et t\u00eate en aluminium, avec un support de chargeur en alliage d&rsquo;aluminium. Capacit\u00e9 de 1 litre pour garnir de grandes quantit\u00e9s de desserts avant de les remplir \u00e0 nouveau. Des portions \u00e9gales pour le contr\u00f4le des stocks. Corps et t\u00eate en aluminium, avec un support de chargeur en alliage d&rsquo;aluminium pour plus de durabilit\u00e9.  Trois buses de distribution pour un large choix d&rsquo;effets d\u00e9coratifs.<\/p>\n<p>Caract\u00e9ristiques :<br \/> Capacit\u00e9 : 1L.<br \/> Dimensions : 335(H) x 110(L) x 94(P) mm.<br \/> Mati\u00e8re : M\u00e9tal<\/p>\n","protected":false},"excerpt":{"rendered":"<p>Siphon \u00e0 chantilly Vogue 1L<\/p>\n","protected":false},"featured_media":101581,"comment_status":"closed","ping_status":"closed","template":"","meta":[],"product_brand":[],"product_cat":[1064,1297,1087,1093],"product_tag":[],"class_list":{"0":"post-67779","1":"product","2":"type-product","3":"status-publish","4":"has-post-thumbnail","6":"product_cat-cuisine","7":"product_cat-non-palettisable","8":"product_cat-patisserie","9":"product_cat-ustensiles","10":"product_shipping_class-free-shipping","12":"first","13":"instock","14":"featured","15":"taxable","16":"shipping-taxable","17":"purchasable","18":"product-type-simple"},"_links":{"self":[{"href":"https:\/\/abinox-chr-clim.com\/index.php\/wp-json\/wp\/v2\/product\/67779","targetHints":{"allow":["GET"]}}],"collection":[{"href":"https:\/\/abinox-chr-clim.com\/index.php\/wp-json\/wp\/v2\/product"}],"about":[{"href":"https:\/\/abinox-chr-clim.com\/index.php\/wp-json\/wp\/v2\/types\/product"}],"replies":[{"embeddable":true,"href":"https:\/\/abinox-chr-clim.com\/index.php\/wp-json\/wp\/v2\/comments?post=67779"}],"wp:featuredmedia":[{"embeddable":true,"href":"https:\/\/abinox-chr-clim.com\/index.php\/wp-json\/wp\/v2\/media\/101581"}],"wp:attachment":[{"href":"https:\/\/abinox-chr-clim.com\/index.php\/wp-json\/wp\/v2\/media?parent=67779"}],"wp:term":[{"taxonomy":"product_brand","embeddable":true,"href":"https:\/\/abinox-chr-clim.com\/index.php\/wp-json\/wp\/v2\/product_brand?post=67779"},{"taxonomy":"product_cat","embeddable":true,"href":"https:\/\/abinox-chr-clim.com\/index.php\/wp-json\/wp\/v2\/product_cat?post=67779"},{"taxonomy":"product_tag","embeddable":true,"href":"https:\/\/abinox-chr-clim.com\/index.php\/wp-json\/wp\/v2\/product_tag?post=67779"}],"curies":[{"name":"wp","href":"https:\/\/api.w.org\/{rel}","templated":true}]}}