{"id":67775,"date":"2024-03-22T15:58:07","date_gmt":"2024-03-22T14:58:07","guid":{"rendered":"https:\/\/abinox-chr-clim.com\/index.php\/product\/passoire-tamis-professionnelle-vogue-200mm\/"},"modified":"2026-04-11T10:03:29","modified_gmt":"2026-04-11T08:03:29","slug":"passoire-tamis-professionnelle-vogue-200mm","status":"publish","type":"product","link":"https:\/\/abinox-chr-clim.com\/index.php\/product\/passoire-tamis-professionnelle-vogue-200mm\/","title":{"rendered":"Passoire tamis professionnelle Vogue 200mm"},"content":{"rendered":"<p>Passoire tamis r\u00e9sistante en acier \u00e9tam\u00e9, maille double.<br \/>La double maille \u00e9tam\u00e9e durable permet un excellent tamisage. Le manche en bois plat solide et robuste offre un grand confort pour une utilisation prolong\u00e9e. 2 crochets pour un positionnement s\u00fbr sur un bol ou une casserole &#8211; utilisation mains libres. Conception facile \u00e0 nettoyer qui fait gagner du temps. Manche avec crochet pour un rangement facile et un acc\u00e8s rapide en cas de besoin.  La double maille \u00e9tam\u00e9e durable permet un excellent tamisage.<\/p>\n<p>Caract\u00e9ristiques :<br \/> Mati\u00e8re : Bois.<br \/> Couleur : Argent.<\/p>\n","protected":false},"excerpt":{"rendered":"<p>Passoire tamis professionnelle Vogue 200mm<\/p>\n","protected":false},"featured_media":100726,"comment_status":"closed","ping_status":"closed","template":"","meta":[],"product_brand":[],"product_cat":[1064,1297,1087,1093],"product_tag":[],"class_list":{"0":"post-67775","1":"product","2":"type-product","3":"status-publish","4":"has-post-thumbnail","6":"product_cat-cuisine","7":"product_cat-non-palettisable","8":"product_cat-patisserie","9":"product_cat-ustensiles","10":"product_shipping_class-free-shipping","12":"first","13":"instock","14":"featured","15":"taxable","16":"shipping-taxable","17":"purchasable","18":"product-type-simple"},"_links":{"self":[{"href":"https:\/\/abinox-chr-clim.com\/index.php\/wp-json\/wp\/v2\/product\/67775","targetHints":{"allow":["GET"]}}],"collection":[{"href":"https:\/\/abinox-chr-clim.com\/index.php\/wp-json\/wp\/v2\/product"}],"about":[{"href":"https:\/\/abinox-chr-clim.com\/index.php\/wp-json\/wp\/v2\/types\/product"}],"replies":[{"embeddable":true,"href":"https:\/\/abinox-chr-clim.com\/index.php\/wp-json\/wp\/v2\/comments?post=67775"}],"wp:featuredmedia":[{"embeddable":true,"href":"https:\/\/abinox-chr-clim.com\/index.php\/wp-json\/wp\/v2\/media\/100726"}],"wp:attachment":[{"href":"https:\/\/abinox-chr-clim.com\/index.php\/wp-json\/wp\/v2\/media?parent=67775"}],"wp:term":[{"taxonomy":"product_brand","embeddable":true,"href":"https:\/\/abinox-chr-clim.com\/index.php\/wp-json\/wp\/v2\/product_brand?post=67775"},{"taxonomy":"product_cat","embeddable":true,"href":"https:\/\/abinox-chr-clim.com\/index.php\/wp-json\/wp\/v2\/product_cat?post=67775"},{"taxonomy":"product_tag","embeddable":true,"href":"https:\/\/abinox-chr-clim.com\/index.php\/wp-json\/wp\/v2\/product_tag?post=67775"}],"curies":[{"name":"wp","href":"https:\/\/api.w.org\/{rel}","templated":true}]}}