{"id":67772,"date":"2024-03-22T15:58:04","date_gmt":"2024-03-22T14:58:04","guid":{"rendered":"https:\/\/abinox-chr-clim.com\/index.php\/product\/pinceau-a-patisserie-plat-en-poils-naturels-50mm-matfer-bourgeat\/"},"modified":"2026-04-11T08:44:25","modified_gmt":"2026-04-11T06:44:25","slug":"pinceau-a-patisserie-plat-en-poils-naturels-50mm-matfer-bourgeat","status":"publish","type":"product","link":"https:\/\/abinox-chr-clim.com\/index.php\/product\/pinceau-a-patisserie-plat-en-poils-naturels-50mm-matfer-bourgeat\/","title":{"rendered":"Pinceau \u00e0 p\u00e2tisserie plat en poils naturels 50mm Matfer Bourgeat"},"content":{"rendered":"<p>Manche solide en plastique lavable au lave-vaisselle avec poils naturels plats, longs de 60 mm. Voir ci-dessous pour les dimensions :<br \/>Poils plats naturels sans danger pour les aliments &#8211; facile \u00e0 enrober les aliments avec une perte de poils r\u00e9duite.Poign\u00e9e ergonomique en plastique pour une prise en main confortable. Le manche comporte un trou de suspension &#8211; id\u00e9al pour un rangement et un acc\u00e8s facile. Facile \u00e0 nettoyer &#8211; passe au lave-vaisselle.Poils plats naturels sans danger pour les aliments &#8211; facile \u00e0 enrober les aliments avec une perte de poils r\u00e9duite.<\/p>\n<p>Caract\u00e9ristiques :<br \/> Mati\u00e8re : .<br \/> Couleur : Naturel.<\/p>\n","protected":false},"excerpt":{"rendered":"<p>Pinceau \u00e0 p\u00e2tisserie plat en poils naturels 50mm Matfer Bourgeat<\/p>\n","protected":false},"featured_media":95981,"comment_status":"closed","ping_status":"closed","template":"","meta":[],"product_brand":[],"product_cat":[1064,1297,1087,1093],"product_tag":[],"class_list":{"0":"post-67772","1":"product","2":"type-product","3":"status-publish","4":"has-post-thumbnail","6":"product_cat-cuisine","7":"product_cat-non-palettisable","8":"product_cat-patisserie","9":"product_cat-ustensiles","10":"product_shipping_class-free-shipping","12":"first","13":"instock","14":"featured","15":"taxable","16":"shipping-taxable","17":"purchasable","18":"product-type-simple"},"_links":{"self":[{"href":"https:\/\/abinox-chr-clim.com\/index.php\/wp-json\/wp\/v2\/product\/67772","targetHints":{"allow":["GET"]}}],"collection":[{"href":"https:\/\/abinox-chr-clim.com\/index.php\/wp-json\/wp\/v2\/product"}],"about":[{"href":"https:\/\/abinox-chr-clim.com\/index.php\/wp-json\/wp\/v2\/types\/product"}],"replies":[{"embeddable":true,"href":"https:\/\/abinox-chr-clim.com\/index.php\/wp-json\/wp\/v2\/comments?post=67772"}],"wp:featuredmedia":[{"embeddable":true,"href":"https:\/\/abinox-chr-clim.com\/index.php\/wp-json\/wp\/v2\/media\/95981"}],"wp:attachment":[{"href":"https:\/\/abinox-chr-clim.com\/index.php\/wp-json\/wp\/v2\/media?parent=67772"}],"wp:term":[{"taxonomy":"product_brand","embeddable":true,"href":"https:\/\/abinox-chr-clim.com\/index.php\/wp-json\/wp\/v2\/product_brand?post=67772"},{"taxonomy":"product_cat","embeddable":true,"href":"https:\/\/abinox-chr-clim.com\/index.php\/wp-json\/wp\/v2\/product_cat?post=67772"},{"taxonomy":"product_tag","embeddable":true,"href":"https:\/\/abinox-chr-clim.com\/index.php\/wp-json\/wp\/v2\/product_tag?post=67772"}],"curies":[{"name":"wp","href":"https:\/\/api.w.org\/{rel}","templated":true}]}}