{"id":67758,"date":"2024-03-22T15:58:00","date_gmt":"2024-03-22T14:58:00","guid":{"rendered":"https:\/\/abinox-chr-clim.com\/index.php\/product\/bassine-en-polypropylene-schneider-2-5l\/"},"modified":"2026-04-11T09:40:17","modified_gmt":"2026-04-11T07:40:17","slug":"bassine-en-polypropylene-schneider-2-5l","status":"publish","type":"product","link":"https:\/\/abinox-chr-clim.com\/index.php\/product\/bassine-en-polypropylene-schneider-2-5l\/","title":{"rendered":"Bassine en polypropyl\u00e8ne Schneider 2.5L"},"content":{"rendered":"<p>R\u00e9sistent aux rayures et micro-ondes. Empilables. Pr\u00e9hension facile. Couvercles vendus s\u00e9par\u00e9ment.<br \/>Le polypropyl\u00e8ne est incroyablement r\u00e9sistant pour une fiabilit\u00e9 durable. Pratiquement incassable pour une solution s\u00fbre et r\u00e9sistante aux chocs. Le design du bord permet de soulever ou de transporter facilement le bol. La conception empilable permet de gagner de l&rsquo;espace de stockage entre les utilisations. Facile \u00e0 nettoyer et \u00e0 garder hygi\u00e9nique dans les cuisines professionnelles. Convient au micro-ondes pour faciliter le r\u00e9chauffage des aliments.  Le polypropyl\u00e8ne est incroyablement r\u00e9sistant pour une fiabilit\u00e9 durable.<\/p>\n<p>Caract\u00e9ristiques :<br \/> Capacit\u00e9 : 2,5 L.<br \/> Dimensions : 110(H) x 240(\u00d8) mm.<br \/> Mati\u00e8re : Polypropyl\u00e8ne.<br \/> Couleur : Blanc.<\/p>\n","protected":false},"excerpt":{"rendered":"<p>Bassine en polypropyl\u00e8ne Schneider 2.5L<\/p>\n","protected":false},"featured_media":91420,"comment_status":"closed","ping_status":"closed","template":"","meta":[],"product_brand":[],"product_cat":[1064,1297,1087,1093],"product_tag":[],"class_list":{"0":"post-67758","1":"product","2":"type-product","3":"status-publish","4":"has-post-thumbnail","6":"product_cat-cuisine","7":"product_cat-non-palettisable","8":"product_cat-patisserie","9":"product_cat-ustensiles","10":"product_shipping_class-free-shipping","12":"first","13":"instock","14":"featured","15":"taxable","16":"shipping-taxable","17":"purchasable","18":"product-type-simple"},"_links":{"self":[{"href":"https:\/\/abinox-chr-clim.com\/index.php\/wp-json\/wp\/v2\/product\/67758","targetHints":{"allow":["GET"]}}],"collection":[{"href":"https:\/\/abinox-chr-clim.com\/index.php\/wp-json\/wp\/v2\/product"}],"about":[{"href":"https:\/\/abinox-chr-clim.com\/index.php\/wp-json\/wp\/v2\/types\/product"}],"replies":[{"embeddable":true,"href":"https:\/\/abinox-chr-clim.com\/index.php\/wp-json\/wp\/v2\/comments?post=67758"}],"wp:featuredmedia":[{"embeddable":true,"href":"https:\/\/abinox-chr-clim.com\/index.php\/wp-json\/wp\/v2\/media\/91420"}],"wp:attachment":[{"href":"https:\/\/abinox-chr-clim.com\/index.php\/wp-json\/wp\/v2\/media?parent=67758"}],"wp:term":[{"taxonomy":"product_brand","embeddable":true,"href":"https:\/\/abinox-chr-clim.com\/index.php\/wp-json\/wp\/v2\/product_brand?post=67758"},{"taxonomy":"product_cat","embeddable":true,"href":"https:\/\/abinox-chr-clim.com\/index.php\/wp-json\/wp\/v2\/product_cat?post=67758"},{"taxonomy":"product_tag","embeddable":true,"href":"https:\/\/abinox-chr-clim.com\/index.php\/wp-json\/wp\/v2\/product_tag?post=67758"}],"curies":[{"name":"wp","href":"https:\/\/api.w.org\/{rel}","templated":true}]}}