{"id":67728,"date":"2024-03-22T15:57:48","date_gmt":"2024-03-22T14:57:48","guid":{"rendered":"https:\/\/abinox-chr-clim.com\/index.php\/product\/tapis-de-cuisson-antiadhesif-hygiplas-allergenes-520-x-315mm\/"},"modified":"2026-03-30T11:14:22","modified_gmt":"2026-03-30T09:14:22","slug":"tapis-de-cuisson-antiadhesif-hygiplas-allergenes-520-x-315mm","status":"publish","type":"product","link":"https:\/\/abinox-chr-clim.com\/index.php\/product\/tapis-de-cuisson-antiadhesif-hygiplas-allergenes-520-x-315mm\/","title":{"rendered":"Tapis de cuisson antiadh\u00e9sif Hygiplas allerg\u00e8nes 520 x 315mm"},"content":{"rendered":"<p>Tapis de cuisson en silicone antiadh\u00e9sif. Passe au four jusqu&rsquo;\u00e0 250\u00b0C. Couleur violette \u00e0 utiliser avec les allerg\u00e8nes.<br \/>La conception en silicone assure un retrait facile des p\u00e2tisseries d\u00e9licates sans les endommager. Pas besoin de graisse ou d&rsquo;huile. Passe au four jusqu&rsquo;\u00e0 250\u00b0C pour toutes sortes de cuissons. Surface hygi\u00e9nique con\u00e7ue pour emp\u00eacher l&rsquo;accumulation de nourriture et de bact\u00e9ries. Mesures pratiques imprim\u00e9es \u00e0 l&rsquo;ext\u00e9rieur pour aider \u00e0 la pr\u00e9paration. Nettoyage rapide et facile entre les utilisations.  La conception en silicone assure un retrait facile des p\u00e2tisseries d\u00e9licates sans les endommager.<\/p>\n<p>Caract\u00e9ristiques :<br \/> Dimensions : 520(H) x 315(L) x 1(P) mm.<br \/> Mati\u00e8re : Silicone.<br \/> Couleur : Violet.<\/p>\n","protected":false},"excerpt":{"rendered":"<p>Tapis de cuisson antiadh\u00e9sif Hygiplas allerg\u00e8nes 520 x 315mm<\/p>\n","protected":false},"featured_media":93998,"comment_status":"closed","ping_status":"closed","template":"","meta":[],"product_brand":[],"product_cat":[1064,1297,1092,1087],"product_tag":[],"class_list":{"0":"post-67728","1":"product","2":"type-product","3":"status-publish","4":"has-post-thumbnail","6":"product_cat-cuisine","7":"product_cat-non-palettisable","8":"product_cat-papier-cuisson-et-tapis-antiadhesifs","9":"product_cat-patisserie","10":"product_shipping_class-free-shipping","12":"first","13":"outofstock","14":"featured","15":"taxable","16":"shipping-taxable","17":"purchasable","18":"product-type-simple"},"_links":{"self":[{"href":"https:\/\/abinox-chr-clim.com\/index.php\/wp-json\/wp\/v2\/product\/67728","targetHints":{"allow":["GET"]}}],"collection":[{"href":"https:\/\/abinox-chr-clim.com\/index.php\/wp-json\/wp\/v2\/product"}],"about":[{"href":"https:\/\/abinox-chr-clim.com\/index.php\/wp-json\/wp\/v2\/types\/product"}],"replies":[{"embeddable":true,"href":"https:\/\/abinox-chr-clim.com\/index.php\/wp-json\/wp\/v2\/comments?post=67728"}],"wp:featuredmedia":[{"embeddable":true,"href":"https:\/\/abinox-chr-clim.com\/index.php\/wp-json\/wp\/v2\/media\/93998"}],"wp:attachment":[{"href":"https:\/\/abinox-chr-clim.com\/index.php\/wp-json\/wp\/v2\/media?parent=67728"}],"wp:term":[{"taxonomy":"product_brand","embeddable":true,"href":"https:\/\/abinox-chr-clim.com\/index.php\/wp-json\/wp\/v2\/product_brand?post=67728"},{"taxonomy":"product_cat","embeddable":true,"href":"https:\/\/abinox-chr-clim.com\/index.php\/wp-json\/wp\/v2\/product_cat?post=67728"},{"taxonomy":"product_tag","embeddable":true,"href":"https:\/\/abinox-chr-clim.com\/index.php\/wp-json\/wp\/v2\/product_tag?post=67728"}],"curies":[{"name":"wp","href":"https:\/\/api.w.org\/{rel}","templated":true}]}}