{"id":67727,"date":"2024-03-22T15:57:47","date_gmt":"2024-03-22T14:57:47","guid":{"rendered":"https:\/\/abinox-chr-clim.com\/index.php\/product\/tapis-de-cuisson-antiadhesif520-x-3150mm-vogue\/"},"modified":"2026-04-02T08:44:35","modified_gmt":"2026-04-02T06:44:35","slug":"tapis-de-cuisson-antiadhesif520-x-3150mm-vogue","status":"publish","type":"product","link":"https:\/\/abinox-chr-clim.com\/index.php\/product\/tapis-de-cuisson-antiadhesif520-x-3150mm-vogue\/","title":{"rendered":"Tapis de cuisson antiadh\u00e9sif520 x 3150mm Vogue"},"content":{"rendered":"<p>Tapis de cuisson en silicone antiadh\u00e9sif pour pr\u00e9server les p\u00e2tisseries d\u00e9licates. R\u00e9siste au four jusqu&rsquo;\u00e0 250\u00b0C. Facile \u00e0 nettoyer.<br \/>La conception en silicone permet de retirer facilement les p\u00e2tisseries d\u00e9licates sans les ab\u00eemer. Mesures ext\u00e9rieures pratiques pour faciliter une pr\u00e9paration coh\u00e9rente. Nettoyage rapide et facile entre deux utilisations. L&rsquo;absence de graisse ou d&rsquo;huile rend l&rsquo;utilisation beaucoup plus propre. R\u00e9siste au four jusqu&rsquo;\u00e0 250\u00b0C (450\u00b0F) pour toutes sortes de t\u00e2ches de cuisson. Surface hygi\u00e9nique con\u00e7ue pour \u00e9viter l&rsquo;accumulation de nourriture et de bact\u00e9ries.  La conception en silicone permet de retirer facilement les p\u00e2tisseries d\u00e9licates sans les ab\u00eemer.<\/p>\n<p>Caract\u00e9ristiques :<br \/> Dimensions : 52(L)x32(l)cm.<br \/> Mati\u00e8re : Silicone.<br \/> Couleur : Blanc.<br \/> Bac GN : GN 1\/1XY.<\/p>\n","protected":false},"excerpt":{"rendered":"<p>Tapis de cuisson antiadh\u00e9sif520 x 3150mm Vogue<\/p>\n","protected":false},"featured_media":95854,"comment_status":"closed","ping_status":"closed","template":"","meta":[],"product_brand":[],"product_cat":[1064,1297,1092,1087],"product_tag":[],"class_list":{"0":"post-67727","1":"product","2":"type-product","3":"status-publish","4":"has-post-thumbnail","6":"product_cat-cuisine","7":"product_cat-non-palettisable","8":"product_cat-papier-cuisson-et-tapis-antiadhesifs","9":"product_cat-patisserie","10":"product_shipping_class-free-shipping","12":"first","13":"instock","14":"featured","15":"taxable","16":"shipping-taxable","17":"purchasable","18":"product-type-simple"},"_links":{"self":[{"href":"https:\/\/abinox-chr-clim.com\/index.php\/wp-json\/wp\/v2\/product\/67727","targetHints":{"allow":["GET"]}}],"collection":[{"href":"https:\/\/abinox-chr-clim.com\/index.php\/wp-json\/wp\/v2\/product"}],"about":[{"href":"https:\/\/abinox-chr-clim.com\/index.php\/wp-json\/wp\/v2\/types\/product"}],"replies":[{"embeddable":true,"href":"https:\/\/abinox-chr-clim.com\/index.php\/wp-json\/wp\/v2\/comments?post=67727"}],"wp:featuredmedia":[{"embeddable":true,"href":"https:\/\/abinox-chr-clim.com\/index.php\/wp-json\/wp\/v2\/media\/95854"}],"wp:attachment":[{"href":"https:\/\/abinox-chr-clim.com\/index.php\/wp-json\/wp\/v2\/media?parent=67727"}],"wp:term":[{"taxonomy":"product_brand","embeddable":true,"href":"https:\/\/abinox-chr-clim.com\/index.php\/wp-json\/wp\/v2\/product_brand?post=67727"},{"taxonomy":"product_cat","embeddable":true,"href":"https:\/\/abinox-chr-clim.com\/index.php\/wp-json\/wp\/v2\/product_cat?post=67727"},{"taxonomy":"product_tag","embeddable":true,"href":"https:\/\/abinox-chr-clim.com\/index.php\/wp-json\/wp\/v2\/product_tag?post=67727"}],"curies":[{"name":"wp","href":"https:\/\/api.w.org\/{rel}","templated":true}]}}