{"id":67725,"date":"2024-03-22T15:57:47","date_gmt":"2024-03-22T14:57:47","guid":{"rendered":"https:\/\/abinox-chr-clim.com\/index.php\/product\/tapis-de-cuisson-antiadhesif-exopat-patisseria-matfer-bourgeat\/"},"modified":"2026-04-02T08:42:32","modified_gmt":"2026-04-02T06:42:32","slug":"tapis-de-cuisson-antiadhesif-exopat-patisseria-matfer-bourgeat","status":"publish","type":"product","link":"https:\/\/abinox-chr-clim.com\/index.php\/product\/tapis-de-cuisson-antiadhesif-exopat-patisseria-matfer-bourgeat\/","title":{"rendered":"Tapis de cuisson antiadh\u00e9sif EXOPAT Patisseria Matfer Bourgeat"},"content":{"rendered":"<p>Tricot de verre impr\u00e9gn\u00e9 de silicone, id\u00e9al pour la cuisson des p\u00e2tisseries et viennoiseries. Aucun graissage n\u00e9cessaire. R\u00e9sistant \u00e0 la chaleur de -40\u00b0 \u00e0 +300\u00b0. Nettoyage facile \u00e0 l&rsquo;\u00e9ponge.<br \/>R\u00e9siste \u00e0 la chaleur de -40 \u00e0 +300\u00b0 C.Aucun graissage n\u00e9cessaire. Facile a nettoyer avec une \u00e9ponge. R\u00e9siste \u00e0 la chaleur de -40 \u00e0 +300\u00b0 C. .<br \/> Caract\u00e9ristiques :<br \/> Dimensions : 400(L) x 600(L) mm.<\/p>\n","protected":false},"excerpt":{"rendered":"<p>Tapis de cuisson antiadh\u00e9sif EXOPAT Patisseria Matfer Bourgeat<\/p>\n","protected":false},"featured_media":91934,"comment_status":"closed","ping_status":"closed","template":"","meta":[],"product_brand":[],"product_cat":[1064,1297,1092,1087],"product_tag":[],"class_list":{"0":"post-67725","1":"product","2":"type-product","3":"status-publish","4":"has-post-thumbnail","6":"product_cat-cuisine","7":"product_cat-non-palettisable","8":"product_cat-papier-cuisson-et-tapis-antiadhesifs","9":"product_cat-patisserie","10":"product_shipping_class-free-shipping","12":"first","13":"outofstock","14":"featured","15":"taxable","16":"shipping-taxable","17":"purchasable","18":"product-type-simple"},"_links":{"self":[{"href":"https:\/\/abinox-chr-clim.com\/index.php\/wp-json\/wp\/v2\/product\/67725","targetHints":{"allow":["GET"]}}],"collection":[{"href":"https:\/\/abinox-chr-clim.com\/index.php\/wp-json\/wp\/v2\/product"}],"about":[{"href":"https:\/\/abinox-chr-clim.com\/index.php\/wp-json\/wp\/v2\/types\/product"}],"replies":[{"embeddable":true,"href":"https:\/\/abinox-chr-clim.com\/index.php\/wp-json\/wp\/v2\/comments?post=67725"}],"wp:featuredmedia":[{"embeddable":true,"href":"https:\/\/abinox-chr-clim.com\/index.php\/wp-json\/wp\/v2\/media\/91934"}],"wp:attachment":[{"href":"https:\/\/abinox-chr-clim.com\/index.php\/wp-json\/wp\/v2\/media?parent=67725"}],"wp:term":[{"taxonomy":"product_brand","embeddable":true,"href":"https:\/\/abinox-chr-clim.com\/index.php\/wp-json\/wp\/v2\/product_brand?post=67725"},{"taxonomy":"product_cat","embeddable":true,"href":"https:\/\/abinox-chr-clim.com\/index.php\/wp-json\/wp\/v2\/product_cat?post=67725"},{"taxonomy":"product_tag","embeddable":true,"href":"https:\/\/abinox-chr-clim.com\/index.php\/wp-json\/wp\/v2\/product_tag?post=67725"}],"curies":[{"name":"wp","href":"https:\/\/api.w.org\/{rel}","templated":true}]}}