{"id":67723,"date":"2024-03-22T15:57:46","date_gmt":"2024-03-22T14:57:46","guid":{"rendered":"https:\/\/abinox-chr-clim.com\/index.php\/product\/papier-cuisson-ecopap-matfer-bourgeat-lot-de-500\/"},"modified":"2026-04-02T08:42:28","modified_gmt":"2026-04-02T06:42:28","slug":"papier-cuisson-ecopap-matfer-bourgeat-lot-de-500","status":"publish","type":"product","link":"https:\/\/abinox-chr-clim.com\/index.php\/product\/papier-cuisson-ecopap-matfer-bourgeat-lot-de-500\/","title":{"rendered":"Papier cuisson ECOPAP Matfer Bourgeat (Lot de 500)"},"content":{"rendered":"<p>Papier kraft brun non blanchi, silicon\u00e9 2 faces, anti-adh\u00e9rent et utilisable jusqu&rsquo;\u00e0 7 \u00e0 8 fois selon les conditions de cuisson. Convient pour toutes les p\u00e2tisseries.<\/p>\n<p>Caract\u00e9ristiques :<br \/>Lot : 500.<br \/> Dimensions : 530(L) x 325(L) mm.<br \/> Mati\u00e8re : Papier et silicone.<br \/> Couleur : Marron.<br \/> Bac GN : GN 1\/1XY.<\/p>\n","protected":false},"excerpt":{"rendered":"<p>Papier cuisson ECOPAP Matfer Bourgeat (Lot de 500)<\/p>\n","protected":false},"featured_media":91948,"comment_status":"closed","ping_status":"closed","template":"","meta":[],"product_brand":[],"product_cat":[1064,1297,1092,1087],"product_tag":[],"class_list":{"0":"post-67723","1":"product","2":"type-product","3":"status-publish","4":"has-post-thumbnail","6":"product_cat-cuisine","7":"product_cat-non-palettisable","8":"product_cat-papier-cuisson-et-tapis-antiadhesifs","9":"product_cat-patisserie","10":"product_shipping_class-free-shipping","12":"first","13":"instock","14":"featured","15":"taxable","16":"shipping-taxable","17":"purchasable","18":"product-type-simple"},"_links":{"self":[{"href":"https:\/\/abinox-chr-clim.com\/index.php\/wp-json\/wp\/v2\/product\/67723","targetHints":{"allow":["GET"]}}],"collection":[{"href":"https:\/\/abinox-chr-clim.com\/index.php\/wp-json\/wp\/v2\/product"}],"about":[{"href":"https:\/\/abinox-chr-clim.com\/index.php\/wp-json\/wp\/v2\/types\/product"}],"replies":[{"embeddable":true,"href":"https:\/\/abinox-chr-clim.com\/index.php\/wp-json\/wp\/v2\/comments?post=67723"}],"wp:featuredmedia":[{"embeddable":true,"href":"https:\/\/abinox-chr-clim.com\/index.php\/wp-json\/wp\/v2\/media\/91948"}],"wp:attachment":[{"href":"https:\/\/abinox-chr-clim.com\/index.php\/wp-json\/wp\/v2\/media?parent=67723"}],"wp:term":[{"taxonomy":"product_brand","embeddable":true,"href":"https:\/\/abinox-chr-clim.com\/index.php\/wp-json\/wp\/v2\/product_brand?post=67723"},{"taxonomy":"product_cat","embeddable":true,"href":"https:\/\/abinox-chr-clim.com\/index.php\/wp-json\/wp\/v2\/product_cat?post=67723"},{"taxonomy":"product_tag","embeddable":true,"href":"https:\/\/abinox-chr-clim.com\/index.php\/wp-json\/wp\/v2\/product_tag?post=67723"}],"curies":[{"name":"wp","href":"https:\/\/api.w.org\/{rel}","templated":true}]}}