{"id":67721,"date":"2024-03-22T15:57:45","date_gmt":"2024-03-22T14:57:45","guid":{"rendered":"https:\/\/abinox-chr-clim.com\/index.php\/product\/papier-sulfurise-440mm-x-50m-vogue\/"},"modified":"2026-04-02T08:41:12","modified_gmt":"2026-04-02T06:41:12","slug":"papier-sulfurise-440mm-x-50m-vogue","status":"publish","type":"product","link":"https:\/\/abinox-chr-clim.com\/index.php\/product\/papier-sulfurise-440mm-x-50m-vogue\/","title":{"rendered":"Papier sulfuris\u00e9 440mm x 50m Vogue"},"content":{"rendered":"<p>Papier sulfuris\u00e9 de haute qualit\u00e9 avec rev\u00eatement antiadh\u00e9sif silicon\u00e9 des deux c\u00f4t\u00e9s et r\u00e9sistant \u00e0 la chaleur jusqu&rsquo;\u00e0 230\u00b0C. Convient pour la cong\u00e9lation domestique.<br \/>Longueur de 50 m pour que chaque rouleau dure encore plus longtemps. La dimension extra-large est parfaite pour couvrir des plaques plus grandes. Le rev\u00eatement en silicone emp\u00eache les produits de boulangerie de coller pour un retrait facile de la plaque. Rev\u00eatement antiadh\u00e9sif qui emp\u00eachera \u00e9galement vos g\u00e2teaux de se casser ou s&rsquo;abimer. La lame dentel\u00e9e assure une distribution rapide et simple pour r\u00e9duire le gaspillage co\u00fbteux. Distributeur en carton qui prot\u00e8ge le papier contre la contamination potentielle. Le rev\u00eatement en silicone r\u00e9duit le besoin d&rsquo;appliquer du beurre ou de l&rsquo;huile lors de la cuisson. Peut \u00eatre utilis\u00e9 en toute s\u00e9curit\u00e9 dans les cong\u00e9lateurs pour s\u00e9parer les ingr\u00e9dients et les \u00e9viter de coller. Convient aux temp\u00e9ratures allant jusqu&rsquo;\u00e0 230\u00a0\u00b0C. Sans chlore. Sans gluten et sans bl\u00e9. Poids du papier\u00a0: 39 g\/m\u00b2. Longueur de 50 m pour que chaque rouleau dure encore plus longtemps.<\/p>\n<p>Caract\u00e9ristiques :<br \/> Dimensions : Bo\u00eete : 82(H) x 482(L) x 83(P)mm. 440(l)mm x 50(L)m.<br \/> Mati\u00e8re : Papier.<br \/> Couleur : Blanc.<\/p>\n","protected":false},"excerpt":{"rendered":"<p>Papier sulfuris\u00e9 440mm x 50m Vogue<\/p>\n","protected":false},"featured_media":92693,"comment_status":"closed","ping_status":"closed","template":"","meta":[],"product_brand":[],"product_cat":[1064,1297,1092,1087],"product_tag":[],"class_list":{"0":"post-67721","1":"product","2":"type-product","3":"status-publish","4":"has-post-thumbnail","6":"product_cat-cuisine","7":"product_cat-non-palettisable","8":"product_cat-papier-cuisson-et-tapis-antiadhesifs","9":"product_cat-patisserie","10":"product_shipping_class-free-shipping","12":"first","13":"instock","14":"featured","15":"taxable","16":"shipping-taxable","17":"purchasable","18":"product-type-simple"},"_links":{"self":[{"href":"https:\/\/abinox-chr-clim.com\/index.php\/wp-json\/wp\/v2\/product\/67721","targetHints":{"allow":["GET"]}}],"collection":[{"href":"https:\/\/abinox-chr-clim.com\/index.php\/wp-json\/wp\/v2\/product"}],"about":[{"href":"https:\/\/abinox-chr-clim.com\/index.php\/wp-json\/wp\/v2\/types\/product"}],"replies":[{"embeddable":true,"href":"https:\/\/abinox-chr-clim.com\/index.php\/wp-json\/wp\/v2\/comments?post=67721"}],"wp:featuredmedia":[{"embeddable":true,"href":"https:\/\/abinox-chr-clim.com\/index.php\/wp-json\/wp\/v2\/media\/92693"}],"wp:attachment":[{"href":"https:\/\/abinox-chr-clim.com\/index.php\/wp-json\/wp\/v2\/media?parent=67721"}],"wp:term":[{"taxonomy":"product_brand","embeddable":true,"href":"https:\/\/abinox-chr-clim.com\/index.php\/wp-json\/wp\/v2\/product_brand?post=67721"},{"taxonomy":"product_cat","embeddable":true,"href":"https:\/\/abinox-chr-clim.com\/index.php\/wp-json\/wp\/v2\/product_cat?post=67721"},{"taxonomy":"product_tag","embeddable":true,"href":"https:\/\/abinox-chr-clim.com\/index.php\/wp-json\/wp\/v2\/product_tag?post=67721"}],"curies":[{"name":"wp","href":"https:\/\/api.w.org\/{rel}","templated":true}]}}