{"id":67719,"date":"2024-03-22T15:57:44","date_gmt":"2024-03-22T14:57:44","guid":{"rendered":"https:\/\/abinox-chr-clim.com\/index.php\/product\/revetement-de-cuisson-antiadhesif-reutilisable\/"},"modified":"2026-04-02T08:33:45","modified_gmt":"2026-04-02T06:33:45","slug":"revetement-de-cuisson-antiadhesif-reutilisable","status":"publish","type":"product","link":"https:\/\/abinox-chr-clim.com\/index.php\/product\/revetement-de-cuisson-antiadhesif-reutilisable\/","title":{"rendered":"Rev\u00eatement de cuisson antiadh\u00e9sif r\u00e9utilisable"},"content":{"rendered":"<p>Protection pour grilles et plaques de four r\u00e9utilisable, anti-adh\u00e9sive et lavable.  Retirez du four et lavez-la \u00e0 l&rsquo;eau savonneuse ou passez la au lave-vaisselle.   R\u00e9siste \u00e0 la cong\u00e9lation et au temp\u00e9ratures jusqu&rsquo;\u00e0 260\u00b0C.<br \/>Se moule \u00e0 la forme de vos plats pour des performances de cuisson polyvalentes &#8211; peut \u00eatre d\u00e9coup\u00e9 \u00e0 la forme voulue.Passe au lave-vaisselle pour \u00e9conomiser encore plus de temps et d&rsquo;efforts lors du nettoyage. Prot\u00e8ge les fours contre l&rsquo;accumulation d&rsquo;huile et de graisse pour les garder plus propres. Convient aux fours \u00e0 gaz et \u00e9lectriques jusqu&rsquo;\u00e0 260 \u00b0C. Fabriqu\u00e9 en PTFE robuste avec rev\u00eatement antiadh\u00e9sif pour une utilisation r\u00e9p\u00e9t\u00e9e. L&rsquo;utilisation de ce rev\u00eatement de cuisson \u00e9limine le besoin de graisse ou d&rsquo;huile. Facile \u00e0 nettoyer et \u00e0 laver \u00e0 l&rsquo;eau savonneuse. Se moule \u00e0 la forme de vos plats pour des performances de cuisson polyvalentes &#8211; peut \u00eatre d\u00e9coup\u00e9 \u00e0 la forme voulue.<\/p>\n<p>Caract\u00e9ristiques :<br \/> Dimensions : 330(L) x 2000(L) mm.<br \/> Mati\u00e8re : .<br \/> Couleur : Marron.<\/p>\n","protected":false},"excerpt":{"rendered":"<p>Rev\u00eatement de cuisson antiadh\u00e9sif r\u00e9utilisable<\/p>\n","protected":false},"featured_media":82167,"comment_status":"closed","ping_status":"closed","template":"","meta":[],"product_brand":[],"product_cat":[1064,1297,1092,1087],"product_tag":[],"class_list":{"0":"post-67719","1":"product","2":"type-product","3":"status-publish","4":"has-post-thumbnail","6":"product_cat-cuisine","7":"product_cat-non-palettisable","8":"product_cat-papier-cuisson-et-tapis-antiadhesifs","9":"product_cat-patisserie","10":"product_shipping_class-free-shipping","12":"first","13":"instock","14":"featured","15":"taxable","16":"shipping-taxable","17":"purchasable","18":"product-type-simple"},"_links":{"self":[{"href":"https:\/\/abinox-chr-clim.com\/index.php\/wp-json\/wp\/v2\/product\/67719","targetHints":{"allow":["GET"]}}],"collection":[{"href":"https:\/\/abinox-chr-clim.com\/index.php\/wp-json\/wp\/v2\/product"}],"about":[{"href":"https:\/\/abinox-chr-clim.com\/index.php\/wp-json\/wp\/v2\/types\/product"}],"replies":[{"embeddable":true,"href":"https:\/\/abinox-chr-clim.com\/index.php\/wp-json\/wp\/v2\/comments?post=67719"}],"wp:featuredmedia":[{"embeddable":true,"href":"https:\/\/abinox-chr-clim.com\/index.php\/wp-json\/wp\/v2\/media\/82167"}],"wp:attachment":[{"href":"https:\/\/abinox-chr-clim.com\/index.php\/wp-json\/wp\/v2\/media?parent=67719"}],"wp:term":[{"taxonomy":"product_brand","embeddable":true,"href":"https:\/\/abinox-chr-clim.com\/index.php\/wp-json\/wp\/v2\/product_brand?post=67719"},{"taxonomy":"product_cat","embeddable":true,"href":"https:\/\/abinox-chr-clim.com\/index.php\/wp-json\/wp\/v2\/product_cat?post=67719"},{"taxonomy":"product_tag","embeddable":true,"href":"https:\/\/abinox-chr-clim.com\/index.php\/wp-json\/wp\/v2\/product_tag?post=67719"}],"curies":[{"name":"wp","href":"https:\/\/api.w.org\/{rel}","templated":true}]}}