{"id":67715,"date":"2024-03-22T15:57:43","date_gmt":"2024-03-22T14:57:43","guid":{"rendered":"https:\/\/abinox-chr-clim.com\/index.php\/product\/ramequins-blancs-70mm-olympia-lot-de-12\/"},"modified":"2026-04-02T09:08:14","modified_gmt":"2026-04-02T07:08:14","slug":"ramequins-blancs-70mm-olympia-lot-de-12","status":"publish","type":"product","link":"https:\/\/abinox-chr-clim.com\/index.php\/product\/ramequins-blancs-70mm-olympia-lot-de-12\/","title":{"rendered":"Ramequins blancs 70mm Olympia (Lot de 12)"},"content":{"rendered":"<p>Ramequin durable, r\u00e9sistant aux \u00e9clats et polyvalent. Gamme compatible four, four micro-ondes, lave-vaisselle et cong\u00e9lateur.<br \/>La couleur blanche ajoute un look sobre mais classique aux services. Enti\u00e8rement vitrifi\u00e9 pour am\u00e9liorer la durabilit\u00e9 et la r\u00e9tention des couleurs. Les bords roul\u00e9s aident \u00e0 \u00e9viter les \u00e9caillages. Design allant au four le rendant id\u00e9al pour une grande vari\u00e9t\u00e9 de desserts. Empilable pour un rangement peu encombrant.Allant au micro-ondes, au lave-vaisselle et au cong\u00e9lateur. R\u00e9siste au four \u00e0 micro-ondes, au lave-vaisselle et au cong\u00e9lateur. La couleur blanche ajoute un look sobre mais classique aux services.<\/p>\n<p>Caract\u00e9ristiques :<br \/>Lot : 12.<br \/> Capacit\u00e9 : 60ml.<br \/> Dimensions : 33(H) x 70(\u00d8)mm.<br \/> Mati\u00e8re : Porcelaine.<br \/> Couleur : Blanc.<\/p>\n","protected":false},"excerpt":{"rendered":"<p>Ramequins blancs 70mm Olympia (Lot de 12)<\/p>\n","protected":false},"featured_media":97976,"comment_status":"closed","ping_status":"closed","template":"","meta":[],"product_brand":[],"product_cat":[1064,1091,1297,1087],"product_tag":[],"class_list":{"0":"post-67715","1":"product","2":"type-product","3":"status-publish","4":"has-post-thumbnail","6":"product_cat-cuisine","7":"product_cat-moules-a-gateaux","8":"product_cat-non-palettisable","9":"product_cat-patisserie","10":"product_shipping_class-free-shipping","12":"first","13":"instock","14":"featured","15":"taxable","16":"shipping-taxable","17":"purchasable","18":"product-type-simple"},"_links":{"self":[{"href":"https:\/\/abinox-chr-clim.com\/index.php\/wp-json\/wp\/v2\/product\/67715","targetHints":{"allow":["GET"]}}],"collection":[{"href":"https:\/\/abinox-chr-clim.com\/index.php\/wp-json\/wp\/v2\/product"}],"about":[{"href":"https:\/\/abinox-chr-clim.com\/index.php\/wp-json\/wp\/v2\/types\/product"}],"replies":[{"embeddable":true,"href":"https:\/\/abinox-chr-clim.com\/index.php\/wp-json\/wp\/v2\/comments?post=67715"}],"wp:featuredmedia":[{"embeddable":true,"href":"https:\/\/abinox-chr-clim.com\/index.php\/wp-json\/wp\/v2\/media\/97976"}],"wp:attachment":[{"href":"https:\/\/abinox-chr-clim.com\/index.php\/wp-json\/wp\/v2\/media?parent=67715"}],"wp:term":[{"taxonomy":"product_brand","embeddable":true,"href":"https:\/\/abinox-chr-clim.com\/index.php\/wp-json\/wp\/v2\/product_brand?post=67715"},{"taxonomy":"product_cat","embeddable":true,"href":"https:\/\/abinox-chr-clim.com\/index.php\/wp-json\/wp\/v2\/product_cat?post=67715"},{"taxonomy":"product_tag","embeddable":true,"href":"https:\/\/abinox-chr-clim.com\/index.php\/wp-json\/wp\/v2\/product_tag?post=67715"}],"curies":[{"name":"wp","href":"https:\/\/api.w.org\/{rel}","templated":true}]}}