{"id":67714,"date":"2024-03-22T15:57:43","date_gmt":"2024-03-22T14:57:43","guid":{"rendered":"https:\/\/abinox-chr-clim.com\/index.php\/product\/ramequins-blancs-85mm-olympia-lot-de-12\/"},"modified":"2026-04-02T09:08:13","modified_gmt":"2026-04-02T07:08:13","slug":"ramequins-blancs-85mm-olympia-lot-de-12","status":"publish","type":"product","link":"https:\/\/abinox-chr-clim.com\/index.php\/product\/ramequins-blancs-85mm-olympia-lot-de-12\/","title":{"rendered":"Ramequins blancs 85mm Olympia (Lot de 12)"},"content":{"rendered":"<p>Couleur : blanche. Forme : ronde. R\u00e9siste au four \u00e0 micro-ondes, au lave-vaisselle et au cong\u00e9lateur.Bords arrondis renforc\u00e9s pour r\u00e9sister \u00e0 toute \u00e9cornure.Enti\u00e8rement vitrifi\u00e9 pour r\u00e9sister \u00e0 la chaleur et aux chocs.Pure porcelaine h\u00f4teli\u00e8re blanche de tr\u00e8s belle qualit\u00e9. Couleur : blanche.<\/p>\n<p>Caract\u00e9ristiques :<br \/>Lot : 12.<br \/> Capacit\u00e9 : 115ml.<br \/> Dimensions : 40(H) x 85(\u00d8)mm.<br \/> Mati\u00e8re : Porcelaine<\/p>\n","protected":false},"excerpt":{"rendered":"<p>Ramequins blancs 85mm Olympia (Lot de 12)<\/p>\n","protected":false},"featured_media":97966,"comment_status":"closed","ping_status":"closed","template":"","meta":[],"product_brand":[],"product_cat":[1064,1091,1297,1087],"product_tag":[],"class_list":{"0":"post-67714","1":"product","2":"type-product","3":"status-publish","4":"has-post-thumbnail","6":"product_cat-cuisine","7":"product_cat-moules-a-gateaux","8":"product_cat-non-palettisable","9":"product_cat-patisserie","10":"product_shipping_class-free-shipping","12":"first","13":"instock","14":"featured","15":"taxable","16":"shipping-taxable","17":"purchasable","18":"product-type-simple"},"_links":{"self":[{"href":"https:\/\/abinox-chr-clim.com\/index.php\/wp-json\/wp\/v2\/product\/67714","targetHints":{"allow":["GET"]}}],"collection":[{"href":"https:\/\/abinox-chr-clim.com\/index.php\/wp-json\/wp\/v2\/product"}],"about":[{"href":"https:\/\/abinox-chr-clim.com\/index.php\/wp-json\/wp\/v2\/types\/product"}],"replies":[{"embeddable":true,"href":"https:\/\/abinox-chr-clim.com\/index.php\/wp-json\/wp\/v2\/comments?post=67714"}],"wp:featuredmedia":[{"embeddable":true,"href":"https:\/\/abinox-chr-clim.com\/index.php\/wp-json\/wp\/v2\/media\/97966"}],"wp:attachment":[{"href":"https:\/\/abinox-chr-clim.com\/index.php\/wp-json\/wp\/v2\/media?parent=67714"}],"wp:term":[{"taxonomy":"product_brand","embeddable":true,"href":"https:\/\/abinox-chr-clim.com\/index.php\/wp-json\/wp\/v2\/product_brand?post=67714"},{"taxonomy":"product_cat","embeddable":true,"href":"https:\/\/abinox-chr-clim.com\/index.php\/wp-json\/wp\/v2\/product_cat?post=67714"},{"taxonomy":"product_tag","embeddable":true,"href":"https:\/\/abinox-chr-clim.com\/index.php\/wp-json\/wp\/v2\/product_tag?post=67714"}],"curies":[{"name":"wp","href":"https:\/\/api.w.org\/{rel}","templated":true}]}}