{"id":67710,"date":"2024-03-22T15:57:39","date_gmt":"2024-03-22T14:57:39","guid":{"rendered":"https:\/\/abinox-chr-clim.com\/index.php\/product\/ramequins-contemporains-blancs-70mm-olympia-lot-de-12\/"},"modified":"2026-04-02T09:06:18","modified_gmt":"2026-04-02T07:06:18","slug":"ramequins-contemporains-blancs-70mm-olympia-lot-de-12","status":"publish","type":"product","link":"https:\/\/abinox-chr-clim.com\/index.php\/product\/ramequins-contemporains-blancs-70mm-olympia-lot-de-12\/","title":{"rendered":"Ramequins contemporains blancs 70mm Olympia (Lot de 12)"},"content":{"rendered":"<p>Porcelaine blanche avec des bords lisses et droits pour un style moderne.<br \/>L&rsquo;\u00e9mail super-vitrifi\u00e9 am\u00e9liore la r\u00e9sistance aux rayures, aux \u00e9clats et aux taches. Les bords roul\u00e9s anti-\u00e9clats permettent d&rsquo;\u00e9viter les \u00e9clats accidentels. La couleur blanche pure donne un aspect classique et discret. Leur conception r\u00e9sistante et \u00e9l\u00e9gante les rend id\u00e9ales pour un usage professionnelle. Fournies par lot de 12, elles vous permettront d&rsquo;\u00e9toffer votre collection de vaisselle. Empilables pour un rangement simple et peu encombrant. R\u00e9siste au four, micro-ondes, au lave-vaisselle et au cong\u00e9lateur.70mm(\u00d8) ext, 62mm (\u00d8) int &#8211; hauteur 45mm(ext), 35mm(int).L&rsquo;\u00e9mail super-vitrifi\u00e9 am\u00e9liore la r\u00e9sistance aux rayures, aux \u00e9clats et aux taches.<\/p>\n<p>Caract\u00e9ristiques :<br \/>Lot : 12.<br \/> Capacit\u00e9 : 8 cl.<br \/> Dimensions : 42(H) x 70(\u00d8) mm.<br \/> Mati\u00e8re : Porcelaine.<br \/> Couleur : Blanc.<\/p>\n","protected":false},"excerpt":{"rendered":"<p>Ramequins contemporains blancs 70mm Olympia (Lot de 12)<\/p>\n","protected":false},"featured_media":98335,"comment_status":"closed","ping_status":"closed","template":"","meta":[],"product_brand":[],"product_cat":[1064,1091,1297,1087],"product_tag":[],"class_list":{"0":"post-67710","1":"product","2":"type-product","3":"status-publish","4":"has-post-thumbnail","6":"product_cat-cuisine","7":"product_cat-moules-a-gateaux","8":"product_cat-non-palettisable","9":"product_cat-patisserie","10":"product_shipping_class-free-shipping","12":"first","13":"instock","14":"featured","15":"taxable","16":"shipping-taxable","17":"purchasable","18":"product-type-simple"},"_links":{"self":[{"href":"https:\/\/abinox-chr-clim.com\/index.php\/wp-json\/wp\/v2\/product\/67710","targetHints":{"allow":["GET"]}}],"collection":[{"href":"https:\/\/abinox-chr-clim.com\/index.php\/wp-json\/wp\/v2\/product"}],"about":[{"href":"https:\/\/abinox-chr-clim.com\/index.php\/wp-json\/wp\/v2\/types\/product"}],"replies":[{"embeddable":true,"href":"https:\/\/abinox-chr-clim.com\/index.php\/wp-json\/wp\/v2\/comments?post=67710"}],"wp:featuredmedia":[{"embeddable":true,"href":"https:\/\/abinox-chr-clim.com\/index.php\/wp-json\/wp\/v2\/media\/98335"}],"wp:attachment":[{"href":"https:\/\/abinox-chr-clim.com\/index.php\/wp-json\/wp\/v2\/media?parent=67710"}],"wp:term":[{"taxonomy":"product_brand","embeddable":true,"href":"https:\/\/abinox-chr-clim.com\/index.php\/wp-json\/wp\/v2\/product_brand?post=67710"},{"taxonomy":"product_cat","embeddable":true,"href":"https:\/\/abinox-chr-clim.com\/index.php\/wp-json\/wp\/v2\/product_cat?post=67710"},{"taxonomy":"product_tag","embeddable":true,"href":"https:\/\/abinox-chr-clim.com\/index.php\/wp-json\/wp\/v2\/product_tag?post=67710"}],"curies":[{"name":"wp","href":"https:\/\/api.w.org\/{rel}","templated":true}]}}