{"id":67708,"date":"2024-03-22T15:57:38","date_gmt":"2024-03-22T14:57:38","guid":{"rendered":"https:\/\/abinox-chr-clim.com\/index.php\/product\/ensemble-3-pieces-cocottes-et-plat-a-rotir-en-fonte-vogue-cook-like-a-pro\/"},"modified":"2026-04-02T09:50:17","modified_gmt":"2026-04-02T07:50:17","slug":"ensemble-3-pieces-cocottes-et-plat-a-rotir-en-fonte-vogue-cook-like-a-pro","status":"publish","type":"product","link":"https:\/\/abinox-chr-clim.com\/index.php\/product\/ensemble-3-pieces-cocottes-et-plat-a-rotir-en-fonte-vogue-cook-like-a-pro\/","title":{"rendered":"Ensemble 3 pi\u00e8ces cocottes et plat \u00e0 r\u00f4tir en fonte Vogue Cook Like A Pro"},"content":{"rendered":"<p>Contient : 1 cocotte ronde en fonte 3,2L (GH300), 1 cocotte ronde en fonte Vogue 4L (GH301) et 1 plat \u00e0 r\u00f4tir rectangulaire 2,8L (GH324) Vogue. La construction robuste en fonte garantit des ann\u00e9es de durabilit\u00e9. Lorsqu&rsquo;ils sont correctement culott\u00e9s avec de l&rsquo;huile, les plats pr\u00e9sentent d&rsquo;excellentes propri\u00e9t\u00e9s antiadh\u00e9sives. Les poign\u00e9es ergonomiques facilitent le transport du four \u00e0 la table. Con\u00e7u pour une distribution uniforme de la chaleur pour des r\u00e9sultats de cuisson parfaits. Les grandes dimensions rendent les plats id\u00e9aux pour les d\u00eeners et repas de famille quotidiens. Les cocottes poss\u00e8dent un couvercle pour acc\u00e9l\u00e9rer les temps de cuisson.Contient : 1 cocotte ronde en fonte 3,2L (GH300), 1 cocotte ronde en fonte Vogue 4L (GH301) et 1 plat \u00e0 r\u00f4tir rectangulaire 2,8L (GH324) Vogue.<\/p>\n","protected":false},"excerpt":{"rendered":"<p>Ensemble 3 pi\u00e8ces cocottes et plat \u00e0 r\u00f4tir en fonte Vogue Cook Like A Pro<\/p>\n","protected":false},"featured_media":99626,"comment_status":"closed","ping_status":"closed","template":"","meta":[],"product_brand":[],"product_cat":[1064,1091,1297,1087],"product_tag":[],"class_list":{"0":"post-67708","1":"product","2":"type-product","3":"status-publish","4":"has-post-thumbnail","6":"product_cat-cuisine","7":"product_cat-moules-a-gateaux","8":"product_cat-non-palettisable","9":"product_cat-patisserie","10":"product_shipping_class-free-shipping","12":"first","13":"instock","14":"featured","15":"taxable","16":"shipping-taxable","17":"purchasable","18":"product-type-simple"},"_links":{"self":[{"href":"https:\/\/abinox-chr-clim.com\/index.php\/wp-json\/wp\/v2\/product\/67708","targetHints":{"allow":["GET"]}}],"collection":[{"href":"https:\/\/abinox-chr-clim.com\/index.php\/wp-json\/wp\/v2\/product"}],"about":[{"href":"https:\/\/abinox-chr-clim.com\/index.php\/wp-json\/wp\/v2\/types\/product"}],"replies":[{"embeddable":true,"href":"https:\/\/abinox-chr-clim.com\/index.php\/wp-json\/wp\/v2\/comments?post=67708"}],"wp:featuredmedia":[{"embeddable":true,"href":"https:\/\/abinox-chr-clim.com\/index.php\/wp-json\/wp\/v2\/media\/99626"}],"wp:attachment":[{"href":"https:\/\/abinox-chr-clim.com\/index.php\/wp-json\/wp\/v2\/media?parent=67708"}],"wp:term":[{"taxonomy":"product_brand","embeddable":true,"href":"https:\/\/abinox-chr-clim.com\/index.php\/wp-json\/wp\/v2\/product_brand?post=67708"},{"taxonomy":"product_cat","embeddable":true,"href":"https:\/\/abinox-chr-clim.com\/index.php\/wp-json\/wp\/v2\/product_cat?post=67708"},{"taxonomy":"product_tag","embeddable":true,"href":"https:\/\/abinox-chr-clim.com\/index.php\/wp-json\/wp\/v2\/product_tag?post=67708"}],"curies":[{"name":"wp","href":"https:\/\/api.w.org\/{rel}","templated":true}]}}