{"id":67706,"date":"2024-03-22T15:57:37","date_gmt":"2024-03-22T14:57:37","guid":{"rendered":"https:\/\/abinox-chr-clim.com\/index.php\/product\/petits-ramequins-churchill-70mm-lot-de-24\/"},"modified":"2026-04-02T09:04:03","modified_gmt":"2026-04-02T07:04:03","slug":"petits-ramequins-churchill-70mm-lot-de-24","status":"publish","type":"product","link":"https:\/\/abinox-chr-clim.com\/index.php\/product\/petits-ramequins-churchill-70mm-lot-de-24\/","title":{"rendered":"Petits ramequins Churchill 70mm (lot de 24)"},"content":{"rendered":"<p>Sp\u00e9cialement con\u00e7ue pour r\u00e9sister aux rigueurs des environnements de restauration, cette gamme attrayante et facilement disponible de plats de pr\u00e9sentation allant au four est durable, r\u00e9siste aux \u00e9clats, offre d&rsquo;excellentes propri\u00e9t\u00e9s de r\u00e9tention de la chaleur et va au cong\u00e9lateur, au four, au micro-ondes et au lave-vaisselle. Fond non vernis pour une mise au four et un d\u00e9fournement plus facile et plus s\u00fbr. Garantie de 5\u00a0ans contre les \u00e9clats sur les bords.<br \/>Couleur : blanc. Forme : rond. Passe au lave-vaisselle, au micro-ondes, au four et au cong\u00e9lateur. Super vitrifi\u00e9. La haute r\u00e9sistance aux chocs thermiques permet de r\u00e9duire la casse.  Couleur : blanc.<\/p>\n<p>Caract\u00e9ristiques :<br \/>Lot : 24.<br \/> Capacit\u00e9 : 91 ml.<br \/> Mati\u00e8re : Porcelaine.<br \/> Couleur : Blanc.<\/p>\n","protected":false},"excerpt":{"rendered":"<p>Petits ramequins Churchill 70mm (lot de 24)<\/p>\n","protected":false},"featured_media":100562,"comment_status":"closed","ping_status":"closed","template":"","meta":[],"product_brand":[],"product_cat":[1064,1091,1297,1087],"product_tag":[],"class_list":{"0":"post-67706","1":"product","2":"type-product","3":"status-publish","4":"has-post-thumbnail","6":"product_cat-cuisine","7":"product_cat-moules-a-gateaux","8":"product_cat-non-palettisable","9":"product_cat-patisserie","10":"product_shipping_class-free-shipping","12":"first","13":"outofstock","14":"featured","15":"taxable","16":"shipping-taxable","17":"purchasable","18":"product-type-simple"},"_links":{"self":[{"href":"https:\/\/abinox-chr-clim.com\/index.php\/wp-json\/wp\/v2\/product\/67706","targetHints":{"allow":["GET"]}}],"collection":[{"href":"https:\/\/abinox-chr-clim.com\/index.php\/wp-json\/wp\/v2\/product"}],"about":[{"href":"https:\/\/abinox-chr-clim.com\/index.php\/wp-json\/wp\/v2\/types\/product"}],"replies":[{"embeddable":true,"href":"https:\/\/abinox-chr-clim.com\/index.php\/wp-json\/wp\/v2\/comments?post=67706"}],"wp:featuredmedia":[{"embeddable":true,"href":"https:\/\/abinox-chr-clim.com\/index.php\/wp-json\/wp\/v2\/media\/100562"}],"wp:attachment":[{"href":"https:\/\/abinox-chr-clim.com\/index.php\/wp-json\/wp\/v2\/media?parent=67706"}],"wp:term":[{"taxonomy":"product_brand","embeddable":true,"href":"https:\/\/abinox-chr-clim.com\/index.php\/wp-json\/wp\/v2\/product_brand?post=67706"},{"taxonomy":"product_cat","embeddable":true,"href":"https:\/\/abinox-chr-clim.com\/index.php\/wp-json\/wp\/v2\/product_cat?post=67706"},{"taxonomy":"product_tag","embeddable":true,"href":"https:\/\/abinox-chr-clim.com\/index.php\/wp-json\/wp\/v2\/product_tag?post=67706"}],"curies":[{"name":"wp","href":"https:\/\/api.w.org\/{rel}","templated":true}]}}