{"id":67701,"date":"2024-03-22T15:57:35","date_gmt":"2024-03-22T14:57:35","guid":{"rendered":"https:\/\/abinox-chr-clim.com\/index.php\/product\/plaque-9-gateaux-en-silicone-pavoni-formaflex\/"},"modified":"2026-04-02T09:02:21","modified_gmt":"2026-04-02T07:02:21","slug":"plaque-9-gateaux-en-silicone-pavoni-formaflex","status":"publish","type":"product","link":"https:\/\/abinox-chr-clim.com\/index.php\/product\/plaque-9-gateaux-en-silicone-pavoni-formaflex\/","title":{"rendered":"Plaque 9 g\u00e2teaux en silicone Pavoni Formaflex"},"content":{"rendered":"<p>30(H) x 80(L) x 30(l)mm. 62ml. Plaque GN 1\/3.<br \/>Antiadh\u00e9sif &#8211; \u00e9vite d&rsquo;endommager les p\u00e2tisseries d\u00e9licates. Flexible &#8211; il suffit de pousser les muffins vers l&rsquo;ext\u00e9rieur &#8211; pas besoin de les couper. Mat\u00e9riau en silicone 100 % alimentaire. R\u00e9sistant au four et au cong\u00e9lateur &#8211; conservez ou cuisinez sans endommager le moule (-40\u00baC \u00e0 +280\u00baC). Peut contenir jusqu&rsquo;\u00e0 9 g\u00e2teaux. Approuv\u00e9 HACCP.  Antiadh\u00e9sif &#8211; \u00e9vite d&rsquo;endommager les p\u00e2tisseries d\u00e9licates.<\/p>\n<p>Caract\u00e9ristiques :<br \/> Dimensions : 35(H) x 300(L) x 175(P) mm.<br \/> Mati\u00e8re : Silicone.<br \/> Couleur : Rouge.<\/p>\n","protected":false},"excerpt":{"rendered":"<p>Plaque 9 g\u00e2teaux en silicone Pavoni Formaflex<\/p>\n","protected":false},"featured_media":102529,"comment_status":"closed","ping_status":"closed","template":"","meta":[],"product_brand":[],"product_cat":[1064,1091,1297,1087],"product_tag":[],"class_list":{"0":"post-67701","1":"product","2":"type-product","3":"status-publish","4":"has-post-thumbnail","6":"product_cat-cuisine","7":"product_cat-moules-a-gateaux","8":"product_cat-non-palettisable","9":"product_cat-patisserie","10":"product_shipping_class-free-shipping","12":"first","13":"instock","14":"featured","15":"taxable","16":"shipping-taxable","17":"purchasable","18":"product-type-simple"},"_links":{"self":[{"href":"https:\/\/abinox-chr-clim.com\/index.php\/wp-json\/wp\/v2\/product\/67701","targetHints":{"allow":["GET"]}}],"collection":[{"href":"https:\/\/abinox-chr-clim.com\/index.php\/wp-json\/wp\/v2\/product"}],"about":[{"href":"https:\/\/abinox-chr-clim.com\/index.php\/wp-json\/wp\/v2\/types\/product"}],"replies":[{"embeddable":true,"href":"https:\/\/abinox-chr-clim.com\/index.php\/wp-json\/wp\/v2\/comments?post=67701"}],"wp:featuredmedia":[{"embeddable":true,"href":"https:\/\/abinox-chr-clim.com\/index.php\/wp-json\/wp\/v2\/media\/102529"}],"wp:attachment":[{"href":"https:\/\/abinox-chr-clim.com\/index.php\/wp-json\/wp\/v2\/media?parent=67701"}],"wp:term":[{"taxonomy":"product_brand","embeddable":true,"href":"https:\/\/abinox-chr-clim.com\/index.php\/wp-json\/wp\/v2\/product_brand?post=67701"},{"taxonomy":"product_cat","embeddable":true,"href":"https:\/\/abinox-chr-clim.com\/index.php\/wp-json\/wp\/v2\/product_cat?post=67701"},{"taxonomy":"product_tag","embeddable":true,"href":"https:\/\/abinox-chr-clim.com\/index.php\/wp-json\/wp\/v2\/product_tag?post=67701"}],"curies":[{"name":"wp","href":"https:\/\/api.w.org\/{rel}","templated":true}]}}