{"id":67699,"date":"2024-03-22T15:57:35","date_gmt":"2024-03-22T14:57:35","guid":{"rendered":"https:\/\/abinox-chr-clim.com\/index.php\/product\/plaque-20-mini-madeleines-en-silicone-pavoni-formaflex\/"},"modified":"2026-04-02T09:02:19","modified_gmt":"2026-04-02T07:02:19","slug":"plaque-20-mini-madeleines-en-silicone-pavoni-formaflex","status":"publish","type":"product","link":"https:\/\/abinox-chr-clim.com\/index.php\/product\/plaque-20-mini-madeleines-en-silicone-pavoni-formaflex\/","title":{"rendered":"Plaque 20 mini-madeleines en silicone Pavoni Formaflex"},"content":{"rendered":"<p>42(L) x 30(l)mm. Plaque GN 1\/3.<br \/>Moule souple antiadh\u00e9sif.Fabrication 100% silicone alimentaire de haute qualit\u00e9.R\u00e9sistant au lave-vaisselle, adapt\u00e9 pour four et cong\u00e9lateur (-40\u00b0 \u00e0 +280\u00b0C). Agr\u00e9\u00e9 HACCP. Moule souple antiadh\u00e9sif. .<br \/> Caract\u00e9ristiques :<br \/> Dimensions : 120(H) x 30(L) x 40(P) mm.<br \/> Mati\u00e8re : Silicone.<br \/> Couleur : Rouge.<\/p>\n","protected":false},"excerpt":{"rendered":"<p>Plaque 20 mini-madeleines en silicone Pavoni Formaflex<\/p>\n","protected":false},"featured_media":102527,"comment_status":"closed","ping_status":"closed","template":"","meta":[],"product_brand":[],"product_cat":[1064,1091,1297,1087],"product_tag":[],"class_list":{"0":"post-67699","1":"product","2":"type-product","3":"status-publish","4":"has-post-thumbnail","6":"product_cat-cuisine","7":"product_cat-moules-a-gateaux","8":"product_cat-non-palettisable","9":"product_cat-patisserie","10":"product_shipping_class-free-shipping","12":"first","13":"instock","14":"featured","15":"taxable","16":"shipping-taxable","17":"purchasable","18":"product-type-simple"},"_links":{"self":[{"href":"https:\/\/abinox-chr-clim.com\/index.php\/wp-json\/wp\/v2\/product\/67699","targetHints":{"allow":["GET"]}}],"collection":[{"href":"https:\/\/abinox-chr-clim.com\/index.php\/wp-json\/wp\/v2\/product"}],"about":[{"href":"https:\/\/abinox-chr-clim.com\/index.php\/wp-json\/wp\/v2\/types\/product"}],"replies":[{"embeddable":true,"href":"https:\/\/abinox-chr-clim.com\/index.php\/wp-json\/wp\/v2\/comments?post=67699"}],"wp:featuredmedia":[{"embeddable":true,"href":"https:\/\/abinox-chr-clim.com\/index.php\/wp-json\/wp\/v2\/media\/102527"}],"wp:attachment":[{"href":"https:\/\/abinox-chr-clim.com\/index.php\/wp-json\/wp\/v2\/media?parent=67699"}],"wp:term":[{"taxonomy":"product_brand","embeddable":true,"href":"https:\/\/abinox-chr-clim.com\/index.php\/wp-json\/wp\/v2\/product_brand?post=67699"},{"taxonomy":"product_cat","embeddable":true,"href":"https:\/\/abinox-chr-clim.com\/index.php\/wp-json\/wp\/v2\/product_cat?post=67699"},{"taxonomy":"product_tag","embeddable":true,"href":"https:\/\/abinox-chr-clim.com\/index.php\/wp-json\/wp\/v2\/product_tag?post=67699"}],"curies":[{"name":"wp","href":"https:\/\/api.w.org\/{rel}","templated":true}]}}