{"id":67694,"date":"2024-03-22T15:57:33","date_gmt":"2024-03-22T14:57:33","guid":{"rendered":"https:\/\/abinox-chr-clim.com\/index.php\/product\/grille-de-four-inox-vogue-53x32cm\/"},"modified":"2026-04-02T09:01:49","modified_gmt":"2026-04-02T07:01:49","slug":"grille-de-four-inox-vogue-53x32cm","status":"publish","type":"product","link":"https:\/\/abinox-chr-clim.com\/index.php\/product\/grille-de-four-inox-vogue-53x32cm\/","title":{"rendered":"Grille de four inox Vogue 53x32cm"},"content":{"rendered":"<p>Grille de four en inox dimensions GN, id\u00e9ale en tant que grille de refroidissement.<br \/>Construction robuste en treillis m\u00e9tallique. La conception sur\u00e9lev\u00e9e permet \u00e0 l&rsquo;air de circuler pour acc\u00e9l\u00e9rer le processus de refroidissement.Conception facile \u00e0 nettoyer pour gagner du temps &#8211; convient aux lave-vaisselle et aux lave-ustensiles. Taille g\u00e9n\u00e9reuse &#8211; plus de pi\u00e8ces par panier. Construction robuste en treillis m\u00e9tallique.<\/p>\n<p>Caract\u00e9ristiques :<br \/> Dimensions : 4(H) x 530(L) x 330(P) mm.<br \/> Mati\u00e8re : Acier inoxydable.<br \/> Couleur : Argent.<br \/> Bac GN : GN 1\/1XY.<\/p>\n","protected":false},"excerpt":{"rendered":"<p>Grille de four inox Vogue 53x32cm<\/p>\n","protected":false},"featured_media":104844,"comment_status":"closed","ping_status":"closed","template":"","meta":[],"product_brand":[],"product_cat":[1064,1091,1297,1087],"product_tag":[],"class_list":{"0":"post-67694","1":"product","2":"type-product","3":"status-publish","4":"has-post-thumbnail","6":"product_cat-cuisine","7":"product_cat-moules-a-gateaux","8":"product_cat-non-palettisable","9":"product_cat-patisserie","10":"product_shipping_class-free-shipping","12":"first","13":"instock","14":"featured","15":"taxable","16":"shipping-taxable","17":"purchasable","18":"product-type-simple"},"_links":{"self":[{"href":"https:\/\/abinox-chr-clim.com\/index.php\/wp-json\/wp\/v2\/product\/67694","targetHints":{"allow":["GET"]}}],"collection":[{"href":"https:\/\/abinox-chr-clim.com\/index.php\/wp-json\/wp\/v2\/product"}],"about":[{"href":"https:\/\/abinox-chr-clim.com\/index.php\/wp-json\/wp\/v2\/types\/product"}],"replies":[{"embeddable":true,"href":"https:\/\/abinox-chr-clim.com\/index.php\/wp-json\/wp\/v2\/comments?post=67694"}],"wp:featuredmedia":[{"embeddable":true,"href":"https:\/\/abinox-chr-clim.com\/index.php\/wp-json\/wp\/v2\/media\/104844"}],"wp:attachment":[{"href":"https:\/\/abinox-chr-clim.com\/index.php\/wp-json\/wp\/v2\/media?parent=67694"}],"wp:term":[{"taxonomy":"product_brand","embeddable":true,"href":"https:\/\/abinox-chr-clim.com\/index.php\/wp-json\/wp\/v2\/product_brand?post=67694"},{"taxonomy":"product_cat","embeddable":true,"href":"https:\/\/abinox-chr-clim.com\/index.php\/wp-json\/wp\/v2\/product_cat?post=67694"},{"taxonomy":"product_tag","embeddable":true,"href":"https:\/\/abinox-chr-clim.com\/index.php\/wp-json\/wp\/v2\/product_tag?post=67694"}],"curies":[{"name":"wp","href":"https:\/\/api.w.org\/{rel}","templated":true}]}}